{"id":17,"date":"2022-02-08T13:17:47","date_gmt":"2022-02-08T12:17:47","guid":{"rendered":"https:\/\/www.platanum.sk\/?page_id=17"},"modified":"2026-02-08T16:40:52","modified_gmt":"2026-02-08T15:40:52","slug":"nase-domovy","status":"publish","type":"page","link":"https:\/\/www.platanum.sk\/en\/nase-domovy\/","title":{"rendered":"Our homes"},"content":{"rendered":"<div data-elementor-type=\"wp-page\" data-elementor-id=\"17\" class=\"elementor elementor-17\" data-elementor-post-type=\"page\">\n\t\t\t\t\t\t<section class=\"elementor-section elementor-top-section elementor-element elementor-element-f60733b elementor-section-boxed elementor-section-height-default elementor-section-height-default\" data-id=\"f60733b\" data-element_type=\"section\" data-e-type=\"section\" data-settings=\"{&quot;background_background&quot;:&quot;classic&quot;}\">\n\t\t\t\t\t\t<div class=\"elementor-container elementor-column-gap-default\">\n\t\t\t\t\t<div class=\"elementor-column elementor-col-50 elementor-top-column elementor-element elementor-element-96c6aa4\" data-id=\"96c6aa4\" data-element_type=\"column\" data-e-type=\"column\" data-settings=\"{&quot;background_background&quot;:&quot;classic&quot;}\">\n\t\t\t<div class=\"elementor-widget-wrap elementor-element-populated\">\n\t\t\t\t\t<div class=\"elementor-background-overlay\"><\/div>\n\t\t\t\t\t\t<div class=\"elementor-element elementor-element-73f1855 elementor-widget elementor-widget-spacer\" data-id=\"73f1855\" data-element_type=\"widget\" data-e-type=\"widget\" data-widget_type=\"spacer.default\">\n\t\t\t\t<div class=\"elementor-widget-container\">\n\t\t\t\t\t\t\t<div class=\"elementor-spacer\">\n\t\t\t<div class=\"elementor-spacer-inner\"><\/div>\n\t\t<\/div>\n\t\t\t\t\t\t<\/div>\n\t\t\t\t<\/div>\n\t\t\t\t<div class=\"elementor-element elementor-element-bb5a15a elementor-view-default elementor-widget elementor-widget-icon\" data-id=\"bb5a15a\" data-element_type=\"widget\" data-e-type=\"widget\" data-widget_type=\"icon.default\">\n\t\t\t\t<div class=\"elementor-widget-container\">\n\t\t\t\t\t\t\t<div class=\"elementor-icon-wrapper\">\n\t\t\t<a class=\"elementor-icon elementor-animation-grow\" href=\"https:\/\/www.platanum.sk\/index.php\/platan\/\">\n\t\t\t<svg xmlns=\"http:\/\/www.w3.org\/2000\/svg\" viewbox=\"0 0 864.07 382.11\"><defs><style>.cls-1{fill:#fff;}<\/style><\/defs><g id=\"Layer_2\" data-name=\"Layer 2\"><g id=\"Layer_1-2\" data-name=\"Layer 1\"><g id=\"Layer_2-2\" data-name=\"Layer 2\"><g id=\"Layer_1-2-2\" data-name=\"Layer 1-2\"><path d=\"M622.31,127.6V100.74h60.4V60.48L743.19,0,803.6,60.41v40.34h60.46v26.87l-30.81,33.61L864,194.77l.07.16v26.7H790.19V194.77h37.43l-30.73-33.62,30.72-33.54H776.74v-56L743.19,38h0L709.57,71.59v56H658.75l30.73,33.55-30.73,33.62h50.84V188a33.6,33.6,0,0,1,33.58-33.58h0A33.59,33.59,0,0,1,776.76,188V288.8H709.59V261.93h40.3V188.05a6.7,6.7,0,0,0-6.71-6.71h0a6.7,6.7,0,0,0-6.71,6.69V208.2h0v13.43H622.31V194.77h.07l30.74-33.55L622.31,127.6\"><\/path><path class=\"cls-1\" d=\"M123.12,264.17c0,31.06-23.86,54.92-56.72,54.92H32v59.42H0V209.7H66.4C99.26,209.7,123.12,233.33,123.12,264.17Zm-32,.45c0-15.3-11-27-27.91-27H32v54H63.25c16.88,0,27.91-11.91,27.91-27Z\"><\/path><path class=\"cls-1\" d=\"M140.89,209.7H172.4V351.06h24.31v27.45H140.89Z\"><\/path><path class=\"cls-1\" d=\"M262.2,258.32c17.78,0,31.51,7.65,37.59,18.46h.9a74.7,74.7,0,0,1-.45-10.36v-4.5h28.81V378.51H300.24v-5.4c0-5.17.22-8.33.45-10.8h-.9c-6.76,12.15-21.16,19.8-38.94,19.8-33.32,0-56.72-25.43-56.72-61.89S228.89,258.32,262.2,258.32Zm36.91,61.44c0-20-13.28-34-31.73-34-18.24,0-31.52,14-31.52,34,0,20.27,13.28,34.44,31.52,34.44,18.45,0,31.73-14.2,31.73-34.44Z\"><\/path><path class=\"cls-1\" d=\"M361.67,288.93h-11v-27h11V232.21h31.51v29.71h27v27h-27v62.13h23.63V378.5H361.67Z\"><\/path><path class=\"cls-1\" d=\"M487.93,258.32c17.78,0,31.51,7.65,37.59,18.46h.9a74.7,74.7,0,0,1-.45-10.36v-4.5h28.81V378.51H526v-5.4c0-5.17.22-8.33.45-10.8h-.9c-6.76,12.15-21.16,19.8-38.94,19.8-33.32,0-56.72-25.43-56.72-61.89S454.62,258.32,487.93,258.32Zm36.91,61.44c0-20-13.28-34-31.73-34-18.24,0-31.51,14-31.51,34,0,20.27,13.27,34.44,31.51,34.44,18.45,0,31.73-14.2,31.73-34.44Z\"><\/path><path class=\"cls-1\" d=\"M681.71,261.92V378.51H650.19V288.93h-36v89.58H582.67V261.92Z\"><\/path><\/g><\/g><\/g><\/g><\/svg>\t\t\t<\/a>\n\t\t<\/div>\n\t\t\t\t\t\t<\/div>\n\t\t\t\t<\/div>\n\t\t\t\t<div class=\"elementor-element elementor-element-5d206f2 elementor-widget elementor-widget-spacer\" data-id=\"5d206f2\" data-element_type=\"widget\" data-e-type=\"widget\" data-widget_type=\"spacer.default\">\n\t\t\t\t<div class=\"elementor-widget-container\">\n\t\t\t\t\t\t\t<div class=\"elementor-spacer\">\n\t\t\t<div class=\"elementor-spacer-inner\"><\/div>\n\t\t<\/div>\n\t\t\t\t\t\t<\/div>\n\t\t\t\t<\/div>\n\t\t\t\t\t<\/div>\n\t\t<\/div>\n\t\t\t\t<div class=\"elementor-column elementor-col-50 elementor-top-column elementor-element elementor-element-3fed66e\" data-id=\"3fed66e\" data-element_type=\"column\" data-e-type=\"column\" data-settings=\"{&quot;background_background&quot;:&quot;classic&quot;}\">\n\t\t\t<div class=\"elementor-widget-wrap elementor-element-populated\">\n\t\t\t\t\t<div class=\"elementor-background-overlay\"><\/div>\n\t\t\t\t\t\t<div class=\"elementor-element elementor-element-33b9b36 elementor-widget elementor-widget-spacer\" data-id=\"33b9b36\" data-element_type=\"widget\" data-e-type=\"widget\" data-widget_type=\"spacer.default\">\n\t\t\t\t<div class=\"elementor-widget-container\">\n\t\t\t\t\t\t\t<div class=\"elementor-spacer\">\n\t\t\t<div class=\"elementor-spacer-inner\"><\/div>\n\t\t<\/div>\n\t\t\t\t\t\t<\/div>\n\t\t\t\t<\/div>\n\t\t\t\t<div class=\"elementor-element elementor-element-2cc5e7d elementor-view-default elementor-widget elementor-widget-icon\" data-id=\"2cc5e7d\" data-element_type=\"widget\" data-e-type=\"widget\" data-widget_type=\"icon.default\">\n\t\t\t\t<div class=\"elementor-widget-container\">\n\t\t\t\t\t\t\t<div class=\"elementor-icon-wrapper\">\n\t\t\t<a class=\"elementor-icon elementor-animation-grow\" href=\"https:\/\/www.platanum.sk\/index.php\/st-moritz\/\">\n\t\t\t<svg xmlns=\"http:\/\/www.w3.org\/2000\/svg\" viewbox=\"0 0 900.04 308.66\"><defs><style>.cls-1{fill:#fff;}<\/style><\/defs><g id=\"Layer_2\" data-name=\"Layer 2\"><g id=\"Layer_1-2\" data-name=\"Layer 1\"><g id=\"Layer_2-2\" data-name=\"Layer 2\"><g id=\"Layer_1-2-2\" data-name=\"Layer 1-2\"><polygon points=\"532.39 107.03 470.12 44.8 407.89 107.03 345.63 44.8 283.39 107.03 221.13 44.8 158.86 107.03 108.04 56.21 108.04 11.44 158.86 62.26 221.13 0 283.39 62.26 345.63 0 407.89 62.26 470.12 0 532.39 62.26 583.21 11.44 583.21 56.21 532.39 107.03\"><\/polygon><path class=\"cls-1\" d=\"M50.68,195.67l31.06,18.91c16,9.68,29,23.19,29,45.69,0,29.26-22.28,48.39-54.47,48.39-34.89,0-52.44-21.38-56.27-48.61l28.14-10.36c1.57,13.51,10.35,30.39,29,30.39,13.73,0,21.16-8.56,21.16-18.91,0-7.65-3.15-14.86-13.73-21.16L36.5,223.36c-15.3-9-30.61-19.13-30.61-45,0-24.31,18.91-45.7,50.2-45.7,29.48,0,46.14,14.86,52.89,39.17l-27.46,9.9c-5.4-15.53-14.63-21.16-26.33-21.16-10.58,0-18,6.3-18,16C37.18,185.77,41.91,190.5,50.68,195.67Z\"><\/path><path class=\"cls-1\" d=\"M134.62,215.48h-11v-27h11V158.76h31.52v29.71h27v27h-27V277.6h23.63v27.46H134.62Z\"><\/path><path class=\"cls-1\" d=\"M206.57,289.76a18.12,18.12,0,1,1,18.24,18h0A18.26,18.26,0,0,1,206.57,289.76Z\"><\/path><path class=\"cls-1\" d=\"M332.46,267.48l-38.71-76.31h-.9V305.06H262.23V136.25h39.39l43.89,90.94h.9l45-90.94H429V305.06H398.41V191.17h-.9L359,267.48Z\"><\/path><path class=\"cls-1\" d=\"M449.25,246.77c0-36,26.11-61.9,62.35-61.9s62.57,25.89,62.57,61.9c0,35.78-26.33,61.89-62.57,61.89S449.25,282.55,449.25,246.77Zm93.19-.46c0-20-12.38-34-30.84-34-18.23,0-30.83,14-30.83,34,0,20.27,12.6,34.44,30.83,34.44C530,280.75,542.44,266.58,542.44,246.31Z\"><\/path><path class=\"cls-1\" d=\"M650.68,188.47v27.69H625.93v88.9H594.41V188.47Z\"><\/path><path class=\"cls-1\" d=\"M664.85,154.71a18.69,18.69,0,1,1,18.92,18.46h-.23A18.45,18.45,0,0,1,664.85,155ZM668,305.06V188.47h31.52V305.06Z\"><\/path><path class=\"cls-1\" d=\"M732.14,215.48h-11v-27h11V158.76h31.51v29.71h27v27h-27V277.6h23.64v27.46H732.14Z\"><\/path><path class=\"cls-1\" d=\"M803.66,188.47H900L848.22,277.6h48.4v27.46H800l52.67-89.58H803.66Z\"><\/path><\/g><\/g><\/g><\/g><\/svg>\t\t\t<\/a>\n\t\t<\/div>\n\t\t\t\t\t\t<\/div>\n\t\t\t\t<\/div>\n\t\t\t\t<div class=\"elementor-element elementor-element-fcc0be5 elementor-widget elementor-widget-spacer\" data-id=\"fcc0be5\" data-element_type=\"widget\" data-e-type=\"widget\" data-widget_type=\"spacer.default\">\n\t\t\t\t<div class=\"elementor-widget-container\">\n\t\t\t\t\t\t\t<div class=\"elementor-spacer\">\n\t\t\t<div class=\"elementor-spacer-inner\"><\/div>\n\t\t<\/div>\n\t\t\t\t\t\t<\/div>\n\t\t\t\t<\/div>\n\t\t\t\t\t<\/div>\n\t\t<\/div>\n\t\t\t\t\t<\/div>\n\t\t<\/section>\n\t\t\t\t<\/div>","protected":false},"excerpt":{"rendered":"","protected":false},"author":1,"featured_media":0,"parent":0,"menu_order":0,"comment_status":"closed","ping_status":"closed","template":"","meta":{"inline_featured_image":false,"site-sidebar-layout":"no-sidebar","site-content-layout":"page-builder","ast-site-content-layout":"default","site-content-style":"default","site-sidebar-style":"default","ast-global-header-display":"","ast-banner-title-visibility":"","ast-main-header-display":"","ast-hfb-above-header-display":"","ast-hfb-below-header-display":"","ast-hfb-mobile-header-display":"","site-post-title":"disabled","ast-breadcrumbs-content":"","ast-featured-img":"disabled","footer-sml-layout":"","ast-disable-related-posts":"","theme-transparent-header-meta":"","adv-header-id-meta":"","stick-header-meta":"","header-above-stick-meta":"","header-main-stick-meta":"","header-below-stick-meta":"","astra-migrate-meta-layouts":"default","ast-page-background-enabled":"default","ast-page-background-meta":{"desktop":{"background-color":"var(--ast-global-color-4)","background-image":"","background-repeat":"repeat","background-position":"center center","background-size":"auto","background-attachment":"scroll","background-type":"","background-media":"","overlay-type":"","overlay-color":"","overlay-opacity":"","overlay-gradient":""},"tablet":{"background-color":"","background-image":"","background-repeat":"repeat","background-position":"center center","background-size":"auto","background-attachment":"scroll","background-type":"","background-media":"","overlay-type":"","overlay-color":"","overlay-opacity":"","overlay-gradient":""},"mobile":{"background-color":"","background-image":"","background-repeat":"repeat","background-position":"center center","background-size":"auto","background-attachment":"scroll","background-type":"","background-media":"","overlay-type":"","overlay-color":"","overlay-opacity":"","overlay-gradient":""}},"ast-content-background-meta":{"desktop":{"background-color":"var(--ast-global-color-5)","background-image":"","background-repeat":"repeat","background-position":"center center","background-size":"auto","background-attachment":"scroll","background-type":"","background-media":"","overlay-type":"","overlay-color":"","overlay-opacity":"","overlay-gradient":""},"tablet":{"background-color":"var(--ast-global-color-5)","background-image":"","background-repeat":"repeat","background-position":"center center","background-size":"auto","background-attachment":"scroll","background-type":"","background-media":"","overlay-type":"","overlay-color":"","overlay-opacity":"","overlay-gradient":""},"mobile":{"background-color":"var(--ast-global-color-5)","background-image":"","background-repeat":"repeat","background-position":"center center","background-size":"auto","background-attachment":"scroll","background-type":"","background-media":"","overlay-type":"","overlay-color":"","overlay-opacity":"","overlay-gradient":""}},"footnotes":""},"class_list":["post-17","page","type-page","status-publish","hentry"],"yoast_head":"<!-- This site is optimized with the Yoast SEO plugin v27.4 - https:\/\/yoast.com\/product\/yoast-seo-wordpress\/ -->\n<title>Na\u0161e domovy | Platanum<\/title>\n<meta name=\"robots\" content=\"index, follow, max-snippet:-1, max-image-preview:large, max-video-preview:-1\" \/>\n<link rel=\"canonical\" href=\"https:\/\/www.platanum.sk\/en\/nase-domovy\/\" \/>\n<meta property=\"og:locale\" content=\"en_GB\" \/>\n<meta property=\"og:type\" content=\"article\" \/>\n<meta property=\"og:title\" content=\"Na\u0161e domovy | Platanum\" \/>\n<meta property=\"og:url\" content=\"https:\/\/www.platanum.sk\/en\/nase-domovy\/\" \/>\n<meta property=\"og:site_name\" content=\"Platanum\" \/>\n<meta property=\"article:modified_time\" content=\"2026-02-08T15:40:52+00:00\" \/>\n<meta name=\"twitter:card\" content=\"summary_large_image\" \/>\n<script type=\"application\/ld+json\" class=\"yoast-schema-graph\">{\"@context\":\"https:\\\/\\\/schema.org\",\"@graph\":[{\"@type\":\"WebPage\",\"@id\":\"https:\\\/\\\/www.platanum.sk\\\/nase-domovy\\\/\",\"url\":\"https:\\\/\\\/www.platanum.sk\\\/nase-domovy\\\/\",\"name\":\"Na\u0161e domovy | Platanum\",\"isPartOf\":{\"@id\":\"https:\\\/\\\/www.platanum.sk\\\/#website\"},\"datePublished\":\"2022-02-08T12:17:47+00:00\",\"dateModified\":\"2026-02-08T15:40:52+00:00\",\"breadcrumb\":{\"@id\":\"https:\\\/\\\/www.platanum.sk\\\/nase-domovy\\\/#breadcrumb\"},\"inLanguage\":\"en-GB\",\"potentialAction\":[{\"@type\":\"ReadAction\",\"target\":[\"https:\\\/\\\/www.platanum.sk\\\/nase-domovy\\\/\"]}]},{\"@type\":\"BreadcrumbList\",\"@id\":\"https:\\\/\\\/www.platanum.sk\\\/nase-domovy\\\/#breadcrumb\",\"itemListElement\":[{\"@type\":\"ListItem\",\"position\":1,\"name\":\"Domovsk\u00e1 str\u00e1nka\",\"item\":\"https:\\\/\\\/www.platanum.sk\\\/\"},{\"@type\":\"ListItem\",\"position\":2,\"name\":\"Na\u0161e domovy\"}]},{\"@type\":\"WebSite\",\"@id\":\"https:\\\/\\\/www.platanum.sk\\\/#website\",\"url\":\"https:\\\/\\\/www.platanum.sk\\\/\",\"name\":\"Platanum\",\"description\":\"Vytv\u00e1rame spomienky, star\u00e1me sa s l\u00e1skou\",\"publisher\":{\"@id\":\"https:\\\/\\\/www.platanum.sk\\\/#organization\"},\"potentialAction\":[{\"@type\":\"SearchAction\",\"target\":{\"@type\":\"EntryPoint\",\"urlTemplate\":\"https:\\\/\\\/www.platanum.sk\\\/?s={search_term_string}\"},\"query-input\":{\"@type\":\"PropertyValueSpecification\",\"valueRequired\":true,\"valueName\":\"search_term_string\"}}],\"inLanguage\":\"en-GB\"},{\"@type\":\"Organization\",\"@id\":\"https:\\\/\\\/www.platanum.sk\\\/#organization\",\"name\":\"Platanum\",\"url\":\"https:\\\/\\\/www.platanum.sk\\\/\",\"logo\":{\"@type\":\"ImageObject\",\"inLanguage\":\"en-GB\",\"@id\":\"https:\\\/\\\/www.platanum.sk\\\/#\\\/schema\\\/logo\\\/image\\\/\",\"url\":\"https:\\\/\\\/www.platanum.sk\\\/wp-content\\\/uploads\\\/2022\\\/02\\\/platanum_main_logo_light.svg\",\"contentUrl\":\"https:\\\/\\\/www.platanum.sk\\\/wp-content\\\/uploads\\\/2022\\\/02\\\/platanum_main_logo_light.svg\",\"width\":1000,\"height\":506,\"caption\":\"Platanum\"},\"image\":{\"@id\":\"https:\\\/\\\/www.platanum.sk\\\/#\\\/schema\\\/logo\\\/image\\\/\"}}]}<\/script>\n<!-- \/ Yoast SEO plugin. -->","yoast_head_json":{"title":"Na\u0161e domovy | Platanum","robots":{"index":"index","follow":"follow","max-snippet":"max-snippet:-1","max-image-preview":"max-image-preview:large","max-video-preview":"max-video-preview:-1"},"canonical":"https:\/\/www.platanum.sk\/en\/nase-domovy\/","og_locale":"en_GB","og_type":"article","og_title":"Na\u0161e domovy | Platanum","og_url":"https:\/\/www.platanum.sk\/en\/nase-domovy\/","og_site_name":"Platanum","article_modified_time":"2026-02-08T15:40:52+00:00","twitter_card":"summary_large_image","schema":{"@context":"https:\/\/schema.org","@graph":[{"@type":"WebPage","@id":"https:\/\/www.platanum.sk\/nase-domovy\/","url":"https:\/\/www.platanum.sk\/nase-domovy\/","name":"Na\u0161e domovy | Platanum","isPartOf":{"@id":"https:\/\/www.platanum.sk\/#website"},"datePublished":"2022-02-08T12:17:47+00:00","dateModified":"2026-02-08T15:40:52+00:00","breadcrumb":{"@id":"https:\/\/www.platanum.sk\/nase-domovy\/#breadcrumb"},"inLanguage":"en-GB","potentialAction":[{"@type":"ReadAction","target":["https:\/\/www.platanum.sk\/nase-domovy\/"]}]},{"@type":"BreadcrumbList","@id":"https:\/\/www.platanum.sk\/nase-domovy\/#breadcrumb","itemListElement":[{"@type":"ListItem","position":1,"name":"Domovsk\u00e1 str\u00e1nka","item":"https:\/\/www.platanum.sk\/"},{"@type":"ListItem","position":2,"name":"Na\u0161e domovy"}]},{"@type":"WebSite","@id":"https:\/\/www.platanum.sk\/#website","url":"https:\/\/www.platanum.sk\/","name":"Platanum","description":"Vytv\u00e1rame spomienky, star\u00e1me sa s l\u00e1skou","publisher":{"@id":"https:\/\/www.platanum.sk\/#organization"},"potentialAction":[{"@type":"SearchAction","target":{"@type":"EntryPoint","urlTemplate":"https:\/\/www.platanum.sk\/?s={search_term_string}"},"query-input":{"@type":"PropertyValueSpecification","valueRequired":true,"valueName":"search_term_string"}}],"inLanguage":"en-GB"},{"@type":"Organization","@id":"https:\/\/www.platanum.sk\/#organization","name":"Platanum","url":"https:\/\/www.platanum.sk\/","logo":{"@type":"ImageObject","inLanguage":"en-GB","@id":"https:\/\/www.platanum.sk\/#\/schema\/logo\/image\/","url":"https:\/\/www.platanum.sk\/wp-content\/uploads\/2022\/02\/platanum_main_logo_light.svg","contentUrl":"https:\/\/www.platanum.sk\/wp-content\/uploads\/2022\/02\/platanum_main_logo_light.svg","width":1000,"height":506,"caption":"Platanum"},"image":{"@id":"https:\/\/www.platanum.sk\/#\/schema\/logo\/image\/"}}]}},"_links":{"self":[{"href":"https:\/\/www.platanum.sk\/en\/wp-json\/wp\/v2\/pages\/17","targetHints":{"allow":["GET"]}}],"collection":[{"href":"https:\/\/www.platanum.sk\/en\/wp-json\/wp\/v2\/pages"}],"about":[{"href":"https:\/\/www.platanum.sk\/en\/wp-json\/wp\/v2\/types\/page"}],"author":[{"embeddable":true,"href":"https:\/\/www.platanum.sk\/en\/wp-json\/wp\/v2\/users\/1"}],"replies":[{"embeddable":true,"href":"https:\/\/www.platanum.sk\/en\/wp-json\/wp\/v2\/comments?post=17"}],"version-history":[{"count":298,"href":"https:\/\/www.platanum.sk\/en\/wp-json\/wp\/v2\/pages\/17\/revisions"}],"predecessor-version":[{"id":8063,"href":"https:\/\/www.platanum.sk\/en\/wp-json\/wp\/v2\/pages\/17\/revisions\/8063"}],"wp:attachment":[{"href":"https:\/\/www.platanum.sk\/en\/wp-json\/wp\/v2\/media?parent=17"}],"curies":[{"name":"wp","href":"https:\/\/api.w.org\/{rel}","templated":true}]}}