{"id":5186,"date":"2023-05-31T12:38:31","date_gmt":"2023-05-31T10:38:31","guid":{"rendered":"https:\/\/www.platanum.sk\/?page_id=5186"},"modified":"2026-02-08T17:04:03","modified_gmt":"2026-02-08T16:04:03","slug":"dokumenty","status":"publish","type":"page","link":"https:\/\/www.platanum.sk\/en\/dokumenty\/","title":{"rendered":"Dokumenty"},"content":{"rendered":"\t\t<div data-elementor-type=\"wp-page\" data-elementor-id=\"5186\" class=\"elementor elementor-5186\" data-elementor-post-type=\"page\">\n\t\t\t\t\t\t<section class=\"elementor-section elementor-top-section elementor-element elementor-element-cf90be8 elementor-section-boxed elementor-section-height-default elementor-section-height-default\" data-id=\"cf90be8\" data-element_type=\"section\" data-e-type=\"section\" data-settings=\"{&quot;background_background&quot;:&quot;classic&quot;}\">\n\t\t\t\t\t\t<div class=\"elementor-container elementor-column-gap-default\">\n\t\t\t\t\t<div class=\"elementor-column elementor-col-100 elementor-top-column elementor-element elementor-element-32eea92\" data-id=\"32eea92\" data-element_type=\"column\" data-e-type=\"column\">\n\t\t\t<div class=\"elementor-widget-wrap elementor-element-populated\">\n\t\t\t\t\t\t<div class=\"elementor-element elementor-element-87fad1f elementor-widget elementor-widget-spacer\" data-id=\"87fad1f\" data-element_type=\"widget\" data-e-type=\"widget\" data-widget_type=\"spacer.default\">\n\t\t\t\t<div class=\"elementor-widget-container\">\n\t\t\t\t\t\t\t<div class=\"elementor-spacer\">\n\t\t\t<div class=\"elementor-spacer-inner\"><\/div>\n\t\t<\/div>\n\t\t\t\t\t\t<\/div>\n\t\t\t\t<\/div>\n\t\t\t\t\t<\/div>\n\t\t<\/div>\n\t\t\t\t\t<\/div>\n\t\t<\/section>\n\t\t\t\t<section class=\"elementor-section elementor-top-section elementor-element elementor-element-0ac2a43 elementor-section-boxed elementor-section-height-default elementor-section-height-default\" data-id=\"0ac2a43\" data-element_type=\"section\" data-e-type=\"section\" data-settings=\"{&quot;background_background&quot;:&quot;classic&quot;}\">\n\t\t\t\t\t\t<div class=\"elementor-container elementor-column-gap-default\">\n\t\t\t\t\t<div class=\"elementor-column elementor-col-33 elementor-top-column elementor-element elementor-element-cd5032f\" data-id=\"cd5032f\" data-element_type=\"column\" data-e-type=\"column\">\n\t\t\t<div class=\"elementor-widget-wrap elementor-element-populated\">\n\t\t\t\t\t\t<div class=\"elementor-element elementor-element-eebfb60 animated-slow elementor-widget-divider--view-line elementor-invisible elementor-widget elementor-widget-divider\" data-id=\"eebfb60\" data-element_type=\"widget\" data-e-type=\"widget\" data-settings=\"{&quot;_animation&quot;:&quot;fadeInLeft&quot;}\" data-widget_type=\"divider.default\">\n\t\t\t\t<div class=\"elementor-widget-container\">\n\t\t\t\t\t\t\t<div class=\"elementor-divider\">\n\t\t\t<span class=\"elementor-divider-separator\">\n\t\t\t\t\t\t<\/span>\n\t\t<\/div>\n\t\t\t\t\t\t<\/div>\n\t\t\t\t<\/div>\n\t\t\t\t<div class=\"elementor-element elementor-element-56b66c8 animated-slow elementor-invisible elementor-widget elementor-widget-heading\" data-id=\"56b66c8\" data-element_type=\"widget\" data-e-type=\"widget\" data-settings=\"{&quot;_animation&quot;:&quot;fadeInLeft&quot;}\" data-widget_type=\"heading.default\">\n\t\t\t\t<div class=\"elementor-widget-container\">\n\t\t\t\t\t<h2 class=\"elementor-heading-title elementor-size-default\">Na stiahnutie<\/h2>\t\t\t\t<\/div>\n\t\t\t\t<\/div>\n\t\t\t\t<div class=\"elementor-element elementor-element-24ff67e elementor-widget__width-initial elementor-widget elementor-widget-text-editor\" data-id=\"24ff67e\" data-element_type=\"widget\" data-e-type=\"widget\" data-widget_type=\"text-editor.default\">\n\t\t\t\t<div class=\"elementor-widget-container\">\n\t\t\t\t\t\t\t\t\t<p>\u25cf <a href=\"https:\/\/www.platanum.sk\/wp-content\/uploads\/2025\/10\/Podmienky_prijatia_Platanum_1.9.2025.docx\" target=\"_blank\" rel=\"noopener\">Podmienky prijatia ob\u010danov do zariaden\u00ed pre seniorov St. Moritz a Platan v Smoleniciach<\/a><\/p><p>\u25cf <a href=\"https:\/\/www.platanum.sk\/wp-content\/uploads\/2026\/02\/VYHLASENIE-o-majetku-fyzickej-osoby-na-ucely-platenia-uhrady-za-socialnu-sluzbu.pdf\">VYHL\u00c1SENIE o majetku fyzickej osoby na \u00fa\u010dely platenia \u00fahrady za soci\u00e1lnu slu\u017ebu<\/a><br \/>\u25cf <a href=\"https:\/\/www.upsvr.gov.sk\/vzory-ziadosti-v-slovenskom-jazyku-a-inych-jazykoch\/vzory-ziadosti-pre-oblast-socialnych-veci-a-rodiny\/tazko-zdravotne-postihnuti.html?page_id=268769\" target=\"_blank\" rel=\"noopener\">\u017diados\u0165 o integrovan\u00fd posudok a\u00a0pr\u00edlohy<\/a><br \/>\u25cf <a href=\"https:\/\/www.platanum.sk\/wp-content\/uploads\/2025\/10\/Potvrdenie-o-bezinfekcnosti.docx\" target=\"_blank\" rel=\"noopener\">Potvrdenie o bezinfek\u010dnosti<\/a><br \/>\u25cf <a href=\"https:\/\/www.platanum.sk\/wp-content\/uploads\/2025\/10\/Ziadost-o-zabezpecenie-poskytovania-socialnej-sluzby.docx\" target=\"_blank\" rel=\"noopener\">\u017diados\u0165 o zabezpe\u010denie poskytovania soci\u00e1lnej slu\u017eby<\/a><br \/>\u25cf <a href=\"https:\/\/www.platanum.sk\/wp-content\/uploads\/2025\/10\/Zoznam-veci-potrebnych-pri-prijati.doc\">Zoznam vec\u00ed potrebn\u00fdch pri prijat\u00ed<\/a><\/p><p>\u25cf <a href=\"https:\/\/www.platanum.sk\/wp-content\/uploads\/2025\/10\/Domaci-poriadok-k-01.07.2025.pdf\" target=\"_blank\" rel=\"noopener\">Dom\u00e1ci poriadok<\/a><br \/>\u25cf <a href=\"https:\/\/www.platanum.sk\/wp-content\/uploads\/2025\/10\/Dovernik-v-socialnych-sluzbach-web.docx\" target=\"_blank\" rel=\"noopener\">D\u00f4vern\u00edk v soci\u00e1lnych slu\u017eb\u00e1ch<\/a><br \/>\u25cf <a href=\"https:\/\/www.platanum.sk\/wp-content\/uploads\/2025\/10\/Eticky-kodex-web.docx\">Etick\u00fd k\u00f3dex<\/a><br \/>\u25cf <a href=\"https:\/\/www.platanum.sk\/wp-content\/uploads\/2025\/10\/Individualne-planovanie-web-1.docx\" target=\"_blank\" rel=\"noopener\">Individu\u00e1lne pl\u00e1novanie<\/a><br \/>\u25cf <a href=\"https:\/\/www.platanum.sk\/wp-content\/uploads\/2025\/10\/Ciele-vizia-atd.-A4.pdf\" target=\"_blank\" rel=\"noopener\">Poslanie, hodnoty, v\u00edzia a ciele<\/a><\/p>\t\t\t\t\t\t\t\t<\/div>\n\t\t\t\t<\/div>\n\t\t\t\t\t<\/div>\n\t\t<\/div>\n\t\t\t\t<div class=\"elementor-column elementor-col-33 elementor-top-column elementor-element elementor-element-adf820f\" data-id=\"adf820f\" data-element_type=\"column\" data-e-type=\"column\">\n\t\t\t<div class=\"elementor-widget-wrap elementor-element-populated\">\n\t\t\t\t\t\t<div class=\"elementor-element elementor-element-3579a59 animated-slow elementor-widget-divider--view-line elementor-invisible elementor-widget elementor-widget-divider\" data-id=\"3579a59\" data-element_type=\"widget\" data-e-type=\"widget\" data-settings=\"{&quot;_animation&quot;:&quot;fadeInLeft&quot;}\" data-widget_type=\"divider.default\">\n\t\t\t\t<div class=\"elementor-widget-container\">\n\t\t\t\t\t\t\t<div class=\"elementor-divider\">\n\t\t\t<span class=\"elementor-divider-separator\">\n\t\t\t\t\t\t<\/span>\n\t\t<\/div>\n\t\t\t\t\t\t<\/div>\n\t\t\t\t<\/div>\n\t\t\t\t<div class=\"elementor-element elementor-element-fe9baa4 animated-slow elementor-invisible elementor-widget elementor-widget-heading\" data-id=\"fe9baa4\" data-element_type=\"widget\" data-e-type=\"widget\" data-settings=\"{&quot;_animation&quot;:&quot;fadeInLeft&quot;}\" data-widget_type=\"heading.default\">\n\t\t\t\t<div class=\"elementor-widget-container\">\n\t\t\t\t\t<h2 class=\"elementor-heading-title elementor-size-default\">Cenn\u00edk<\/h2>\t\t\t\t<\/div>\n\t\t\t\t<\/div>\n\t\t\t\t<div class=\"elementor-element elementor-element-8c4d318 elementor-widget elementor-widget-text-editor\" data-id=\"8c4d318\" data-element_type=\"widget\" data-e-type=\"widget\" data-widget_type=\"text-editor.default\">\n\t\t\t\t<div class=\"elementor-widget-container\">\n\t\t\t\t\t\t\t\t\t<p>\u25cf <a href=\"https:\/\/www.platanum.sk\/wp-content\/uploads\/2025\/10\/Cennik-od-01.07.2025-\u2013-v.2.pdf\">Cenn\u00edk od 01.07.2025<\/a><\/p>\t\t\t\t\t\t\t\t<\/div>\n\t\t\t\t<\/div>\n\t\t\t\t<div class=\"elementor-element elementor-element-d0b13b9 animated-slow elementor-widget-divider--view-line elementor-invisible elementor-widget elementor-widget-divider\" data-id=\"d0b13b9\" data-element_type=\"widget\" data-e-type=\"widget\" data-settings=\"{&quot;_animation&quot;:&quot;fadeInLeft&quot;}\" data-widget_type=\"divider.default\">\n\t\t\t\t<div class=\"elementor-widget-container\">\n\t\t\t\t\t\t\t<div class=\"elementor-divider\">\n\t\t\t<span class=\"elementor-divider-separator\">\n\t\t\t\t\t\t<\/span>\n\t\t<\/div>\n\t\t\t\t\t\t<\/div>\n\t\t\t\t<\/div>\n\t\t\t\t<div class=\"elementor-element elementor-element-eea5b81 animated-slow elementor-invisible elementor-widget elementor-widget-heading\" data-id=\"eea5b81\" data-element_type=\"widget\" data-e-type=\"widget\" data-settings=\"{&quot;_animation&quot;:&quot;fadeInLeft&quot;}\" data-widget_type=\"heading.default\">\n\t\t\t\t<div class=\"elementor-widget-container\">\n\t\t\t\t\t<h2 class=\"elementor-heading-title elementor-size-default\">2% z dane<\/h2>\t\t\t\t<\/div>\n\t\t\t\t<\/div>\n\t\t\t\t<div class=\"elementor-element elementor-element-b9db527 elementor-widget elementor-widget-text-editor\" data-id=\"b9db527\" data-element_type=\"widget\" data-e-type=\"widget\" data-widget_type=\"text-editor.default\">\n\t\t\t\t<div class=\"elementor-widget-container\">\n\t\t\t\t\t\t\t\t\t<p>\u25cf <a href=\"https:\/\/www.platanum.sk\/wp-content\/uploads\/2024\/01\/2-Platanum-n.o.pdf\">2% Platanum, n.o.<\/a><\/p><p>\u00daDAJE O PRIJ\u00cdMATE\u013dOVI:<br \/>[15] &#8211; I\u010cO 2)* :\u00a0 52975452<br \/>[16] &#8211; Obchodn\u00e9 meno (n\u00e1zov) : Platanum, n.o.<\/p>\t\t\t\t\t\t\t\t<\/div>\n\t\t\t\t<\/div>\n\t\t\t\t\t<\/div>\n\t\t<\/div>\n\t\t\t\t<div class=\"elementor-column elementor-col-33 elementor-top-column elementor-element elementor-element-25f0c05\" data-id=\"25f0c05\" data-element_type=\"column\" data-e-type=\"column\">\n\t\t\t<div class=\"elementor-widget-wrap elementor-element-populated\">\n\t\t\t\t\t\t<div class=\"elementor-element elementor-element-9d61ab1 animated-slow elementor-widget-divider--view-line elementor-invisible elementor-widget elementor-widget-divider\" data-id=\"9d61ab1\" data-element_type=\"widget\" data-e-type=\"widget\" data-settings=\"{&quot;_animation&quot;:&quot;fadeInLeft&quot;}\" data-widget_type=\"divider.default\">\n\t\t\t\t<div class=\"elementor-widget-container\">\n\t\t\t\t\t\t\t<div class=\"elementor-divider\">\n\t\t\t<span class=\"elementor-divider-separator\">\n\t\t\t\t\t\t<\/span>\n\t\t<\/div>\n\t\t\t\t\t\t<\/div>\n\t\t\t\t<\/div>\n\t\t\t\t<div class=\"elementor-element elementor-element-dc48c06 animated-slow elementor-invisible elementor-widget elementor-widget-heading\" data-id=\"dc48c06\" data-element_type=\"widget\" data-e-type=\"widget\" data-settings=\"{&quot;_animation&quot;:&quot;fadeInLeft&quot;}\" data-widget_type=\"heading.default\">\n\t\t\t\t<div class=\"elementor-widget-container\">\n\t\t\t\t\t<h2 class=\"elementor-heading-title elementor-size-default\">V\u00fdro\u010dn\u00e1 spr\u00e1va \/ EON<\/h2>\t\t\t\t<\/div>\n\t\t\t\t<\/div>\n\t\t\t\t<div class=\"elementor-element elementor-element-6b61f3d elementor-widget__width-initial elementor-widget elementor-widget-text-editor\" data-id=\"6b61f3d\" data-element_type=\"widget\" data-e-type=\"widget\" data-widget_type=\"text-editor.default\">\n\t\t\t\t<div class=\"elementor-widget-container\">\n\t\t\t\t\t\t\t\t\t<p>\u25cf <a href=\"https:\/\/www.platanum.sk\/wp-content\/uploads\/2026\/02\/ZPS-St.Moritz-EON-2025.pdf\">EON 2025 St.Moritz<\/a><br \/>\u25cf <a href=\"https:\/\/www.platanum.sk\/wp-content\/uploads\/2026\/02\/ZPS-Platan-EON-2025.pdf\">EON 2025 Platan<\/a><br \/><br \/>\u25cf <a href=\"https:\/\/www.platanum.sk\/wp-content\/uploads\/2025\/02\/EON-2024-St.Moritz.pdf\">EON 2024 St.Moritz<\/a><br \/>\u25cf <a href=\"https:\/\/www.platanum.sk\/wp-content\/uploads\/2025\/02\/Platan.pdf\">EON 2024 Platan<\/a><br \/>\u25cf <a href=\"https:\/\/www.platanum.sk\/wp-content\/uploads\/2025\/06\/Vyrocna-sprava-2024.pdf\">V\u00fdro\u010dn\u00e1 spr\u00e1va Platanum, n.o. za rok 2024<\/a><\/p><p>\u25cf <a href=\"https:\/\/www.platanum.sk\/wp-content\/uploads\/2024\/04\/EON-2023-ST.Moritz.pdf\">EON 2023 St.Moritz<\/a>\u00a0<br \/>\u25cf\u00a0<a href=\"https:\/\/www.platanum.sk\/wp-content\/uploads\/2024\/04\/EON-2023-Platan.pdf\">EON 2023 Platan<\/a><br \/>\u25cf <a href=\"https:\/\/www.platanum.sk\/wp-content\/uploads\/2024\/06\/Vyrocna-sprava-Platanum-n.o.-za-rok-2023.pdf\">V\u00fdro\u010dn\u00e1 spr\u00e1va Platanum, n.o. za rok 2023<\/a><\/p>\t\t\t\t\t\t\t\t<\/div>\n\t\t\t\t<\/div>\n\t\t\t\t\t<\/div>\n\t\t<\/div>\n\t\t\t\t\t<\/div>\n\t\t<\/section>\n\t\t\t\t<\/div>\n\t\t","protected":false},"excerpt":{"rendered":"<p>Na stiahnutie \u25cf Podmienky prijatia ob\u010danov do zariaden\u00ed pre seniorov St. Moritz a Platan v Smoleniciach \u25cf VYHL\u00c1SENIE o majetku fyzickej osoby na \u00fa\u010dely platenia \u00fahrady za soci\u00e1lnu slu\u017ebu\u25cf \u017diados\u0165 o integrovan\u00fd posudok a\u00a0pr\u00edlohy\u25cf Potvrdenie o bezinfek\u010dnosti\u25cf \u017diados\u0165 o zabezpe\u010denie poskytovania soci\u00e1lnej slu\u017eby\u25cf Zoznam vec\u00ed potrebn\u00fdch pri prijat\u00ed \u25cf Dom\u00e1ci poriadok\u25cf D\u00f4vern\u00edk v soci\u00e1lnych slu\u017eb\u00e1ch\u25cf [&hellip;]<\/p>\n","protected":false},"author":1,"featured_media":0,"parent":0,"menu_order":0,"comment_status":"closed","ping_status":"closed","template":"","meta":{"inline_featured_image":false,"site-sidebar-layout":"no-sidebar","site-content-layout":"page-builder","ast-site-content-layout":"full-width-container","site-content-style":"unboxed","site-sidebar-style":"unboxed","ast-global-header-display":"","ast-banner-title-visibility":"","ast-main-header-display":"","ast-hfb-above-header-display":"","ast-hfb-below-header-display":"","ast-hfb-mobile-header-display":"","site-post-title":"disabled","ast-breadcrumbs-content":"","ast-featured-img":"disabled","footer-sml-layout":"","ast-disable-related-posts":"","theme-transparent-header-meta":"","adv-header-id-meta":"","stick-header-meta":"","header-above-stick-meta":"","header-main-stick-meta":"","header-below-stick-meta":"","astra-migrate-meta-layouts":"set","ast-page-background-enabled":"default","ast-page-background-meta":{"desktop":{"background-color":"var(--ast-global-color-4)","background-image":"","background-repeat":"repeat","background-position":"center center","background-size":"auto","background-attachment":"scroll","background-type":"","background-media":"","overlay-type":"","overlay-color":"","overlay-opacity":"","overlay-gradient":""},"tablet":{"background-color":"","background-image":"","background-repeat":"repeat","background-position":"center center","background-size":"auto","background-attachment":"scroll","background-type":"","background-media":"","overlay-type":"","overlay-color":"","overlay-opacity":"","overlay-gradient":""},"mobile":{"background-color":"","background-image":"","background-repeat":"repeat","background-position":"center center","background-size":"auto","background-attachment":"scroll","background-type":"","background-media":"","overlay-type":"","overlay-color":"","overlay-opacity":"","overlay-gradient":""}},"ast-content-background-meta":{"desktop":{"background-color":"var(--ast-global-color-5)","background-image":"","background-repeat":"repeat","background-position":"center center","background-size":"auto","background-attachment":"scroll","background-type":"","background-media":"","overlay-type":"","overlay-color":"","overlay-opacity":"","overlay-gradient":""},"tablet":{"background-color":"var(--ast-global-color-5)","background-image":"","background-repeat":"repeat","background-position":"center center","background-size":"auto","background-attachment":"scroll","background-type":"","background-media":"","overlay-type":"","overlay-color":"","overlay-opacity":"","overlay-gradient":""},"mobile":{"background-color":"var(--ast-global-color-5)","background-image":"","background-repeat":"repeat","background-position":"center center","background-size":"auto","background-attachment":"scroll","background-type":"","background-media":"","overlay-type":"","overlay-color":"","overlay-opacity":"","overlay-gradient":""}},"footnotes":""},"class_list":["post-5186","page","type-page","status-publish","hentry"],"yoast_head":"<!-- This site is optimized with the Yoast SEO plugin v27.4 - https:\/\/yoast.com\/product\/yoast-seo-wordpress\/ -->\n<title>Dokumenty | Platanum<\/title>\n<meta name=\"robots\" content=\"index, follow, max-snippet:-1, max-image-preview:large, max-video-preview:-1\" \/>\n<link rel=\"canonical\" href=\"https:\/\/www.platanum.sk\/en\/dokumenty\/\" \/>\n<meta property=\"og:locale\" content=\"en_GB\" \/>\n<meta property=\"og:type\" content=\"article\" \/>\n<meta property=\"og:title\" content=\"Dokumenty | Platanum\" \/>\n<meta property=\"og:description\" content=\"Na stiahnutie \u25cf Podmienky prijatia ob\u010danov do zariaden\u00ed pre seniorov St. Moritz a Platan v Smoleniciach \u25cf VYHL\u00c1SENIE o majetku fyzickej osoby na \u00fa\u010dely platenia \u00fahrady za soci\u00e1lnu slu\u017ebu\u25cf \u017diados\u0165 o integrovan\u00fd posudok a\u00a0pr\u00edlohy\u25cf Potvrdenie o bezinfek\u010dnosti\u25cf \u017diados\u0165 o zabezpe\u010denie poskytovania soci\u00e1lnej slu\u017eby\u25cf Zoznam vec\u00ed potrebn\u00fdch pri prijat\u00ed \u25cf Dom\u00e1ci poriadok\u25cf D\u00f4vern\u00edk v soci\u00e1lnych slu\u017eb\u00e1ch\u25cf [&hellip;]\" \/>\n<meta property=\"og:url\" content=\"https:\/\/www.platanum.sk\/en\/dokumenty\/\" \/>\n<meta property=\"og:site_name\" content=\"Platanum\" \/>\n<meta property=\"article:modified_time\" content=\"2026-02-08T16:04:03+00:00\" \/>\n<meta name=\"twitter:card\" content=\"summary_large_image\" \/>\n<script type=\"application\/ld+json\" class=\"yoast-schema-graph\">{\"@context\":\"https:\\\/\\\/schema.org\",\"@graph\":[{\"@type\":\"WebPage\",\"@id\":\"https:\\\/\\\/www.platanum.sk\\\/dokumenty\\\/\",\"url\":\"https:\\\/\\\/www.platanum.sk\\\/dokumenty\\\/\",\"name\":\"Dokumenty | Platanum\",\"isPartOf\":{\"@id\":\"https:\\\/\\\/www.platanum.sk\\\/#website\"},\"datePublished\":\"2023-05-31T10:38:31+00:00\",\"dateModified\":\"2026-02-08T16:04:03+00:00\",\"breadcrumb\":{\"@id\":\"https:\\\/\\\/www.platanum.sk\\\/dokumenty\\\/#breadcrumb\"},\"inLanguage\":\"en-GB\",\"potentialAction\":[{\"@type\":\"ReadAction\",\"target\":[\"https:\\\/\\\/www.platanum.sk\\\/dokumenty\\\/\"]}]},{\"@type\":\"BreadcrumbList\",\"@id\":\"https:\\\/\\\/www.platanum.sk\\\/dokumenty\\\/#breadcrumb\",\"itemListElement\":[{\"@type\":\"ListItem\",\"position\":1,\"name\":\"Domovsk\u00e1 str\u00e1nka\",\"item\":\"https:\\\/\\\/www.platanum.sk\\\/\"},{\"@type\":\"ListItem\",\"position\":2,\"name\":\"Dokumenty\"}]},{\"@type\":\"WebSite\",\"@id\":\"https:\\\/\\\/www.platanum.sk\\\/#website\",\"url\":\"https:\\\/\\\/www.platanum.sk\\\/\",\"name\":\"Platanum\",\"description\":\"Vytv\u00e1rame spomienky, star\u00e1me sa s l\u00e1skou\",\"publisher\":{\"@id\":\"https:\\\/\\\/www.platanum.sk\\\/#organization\"},\"potentialAction\":[{\"@type\":\"SearchAction\",\"target\":{\"@type\":\"EntryPoint\",\"urlTemplate\":\"https:\\\/\\\/www.platanum.sk\\\/?s={search_term_string}\"},\"query-input\":{\"@type\":\"PropertyValueSpecification\",\"valueRequired\":true,\"valueName\":\"search_term_string\"}}],\"inLanguage\":\"en-GB\"},{\"@type\":\"Organization\",\"@id\":\"https:\\\/\\\/www.platanum.sk\\\/#organization\",\"name\":\"Platanum\",\"url\":\"https:\\\/\\\/www.platanum.sk\\\/\",\"logo\":{\"@type\":\"ImageObject\",\"inLanguage\":\"en-GB\",\"@id\":\"https:\\\/\\\/www.platanum.sk\\\/#\\\/schema\\\/logo\\\/image\\\/\",\"url\":\"https:\\\/\\\/www.platanum.sk\\\/wp-content\\\/uploads\\\/2022\\\/02\\\/platanum_main_logo_light.svg\",\"contentUrl\":\"https:\\\/\\\/www.platanum.sk\\\/wp-content\\\/uploads\\\/2022\\\/02\\\/platanum_main_logo_light.svg\",\"width\":1000,\"height\":506,\"caption\":\"Platanum\"},\"image\":{\"@id\":\"https:\\\/\\\/www.platanum.sk\\\/#\\\/schema\\\/logo\\\/image\\\/\"}}]}<\/script>\n<!-- \/ Yoast SEO plugin. -->","yoast_head_json":{"title":"Dokumenty | Platanum","robots":{"index":"index","follow":"follow","max-snippet":"max-snippet:-1","max-image-preview":"max-image-preview:large","max-video-preview":"max-video-preview:-1"},"canonical":"https:\/\/www.platanum.sk\/en\/dokumenty\/","og_locale":"en_GB","og_type":"article","og_title":"Dokumenty | Platanum","og_description":"Na stiahnutie \u25cf Podmienky prijatia ob\u010danov do zariaden\u00ed pre seniorov St. Moritz a Platan v Smoleniciach \u25cf VYHL\u00c1SENIE o majetku fyzickej osoby na \u00fa\u010dely platenia \u00fahrady za soci\u00e1lnu slu\u017ebu\u25cf \u017diados\u0165 o integrovan\u00fd posudok a\u00a0pr\u00edlohy\u25cf Potvrdenie o bezinfek\u010dnosti\u25cf \u017diados\u0165 o zabezpe\u010denie poskytovania soci\u00e1lnej slu\u017eby\u25cf Zoznam vec\u00ed potrebn\u00fdch pri prijat\u00ed \u25cf Dom\u00e1ci poriadok\u25cf D\u00f4vern\u00edk v soci\u00e1lnych slu\u017eb\u00e1ch\u25cf [&hellip;]","og_url":"https:\/\/www.platanum.sk\/en\/dokumenty\/","og_site_name":"Platanum","article_modified_time":"2026-02-08T16:04:03+00:00","twitter_card":"summary_large_image","schema":{"@context":"https:\/\/schema.org","@graph":[{"@type":"WebPage","@id":"https:\/\/www.platanum.sk\/dokumenty\/","url":"https:\/\/www.platanum.sk\/dokumenty\/","name":"Dokumenty | Platanum","isPartOf":{"@id":"https:\/\/www.platanum.sk\/#website"},"datePublished":"2023-05-31T10:38:31+00:00","dateModified":"2026-02-08T16:04:03+00:00","breadcrumb":{"@id":"https:\/\/www.platanum.sk\/dokumenty\/#breadcrumb"},"inLanguage":"en-GB","potentialAction":[{"@type":"ReadAction","target":["https:\/\/www.platanum.sk\/dokumenty\/"]}]},{"@type":"BreadcrumbList","@id":"https:\/\/www.platanum.sk\/dokumenty\/#breadcrumb","itemListElement":[{"@type":"ListItem","position":1,"name":"Domovsk\u00e1 str\u00e1nka","item":"https:\/\/www.platanum.sk\/"},{"@type":"ListItem","position":2,"name":"Dokumenty"}]},{"@type":"WebSite","@id":"https:\/\/www.platanum.sk\/#website","url":"https:\/\/www.platanum.sk\/","name":"Platanum","description":"Vytv\u00e1rame spomienky, star\u00e1me sa s l\u00e1skou","publisher":{"@id":"https:\/\/www.platanum.sk\/#organization"},"potentialAction":[{"@type":"SearchAction","target":{"@type":"EntryPoint","urlTemplate":"https:\/\/www.platanum.sk\/?s={search_term_string}"},"query-input":{"@type":"PropertyValueSpecification","valueRequired":true,"valueName":"search_term_string"}}],"inLanguage":"en-GB"},{"@type":"Organization","@id":"https:\/\/www.platanum.sk\/#organization","name":"Platanum","url":"https:\/\/www.platanum.sk\/","logo":{"@type":"ImageObject","inLanguage":"en-GB","@id":"https:\/\/www.platanum.sk\/#\/schema\/logo\/image\/","url":"https:\/\/www.platanum.sk\/wp-content\/uploads\/2022\/02\/platanum_main_logo_light.svg","contentUrl":"https:\/\/www.platanum.sk\/wp-content\/uploads\/2022\/02\/platanum_main_logo_light.svg","width":1000,"height":506,"caption":"Platanum"},"image":{"@id":"https:\/\/www.platanum.sk\/#\/schema\/logo\/image\/"}}]}},"_links":{"self":[{"href":"https:\/\/www.platanum.sk\/en\/wp-json\/wp\/v2\/pages\/5186","targetHints":{"allow":["GET"]}}],"collection":[{"href":"https:\/\/www.platanum.sk\/en\/wp-json\/wp\/v2\/pages"}],"about":[{"href":"https:\/\/www.platanum.sk\/en\/wp-json\/wp\/v2\/types\/page"}],"author":[{"embeddable":true,"href":"https:\/\/www.platanum.sk\/en\/wp-json\/wp\/v2\/users\/1"}],"replies":[{"embeddable":true,"href":"https:\/\/www.platanum.sk\/en\/wp-json\/wp\/v2\/comments?post=5186"}],"version-history":[{"count":246,"href":"https:\/\/www.platanum.sk\/en\/wp-json\/wp\/v2\/pages\/5186\/revisions"}],"predecessor-version":[{"id":8076,"href":"https:\/\/www.platanum.sk\/en\/wp-json\/wp\/v2\/pages\/5186\/revisions\/8076"}],"wp:attachment":[{"href":"https:\/\/www.platanum.sk\/en\/wp-json\/wp\/v2\/media?parent=5186"}],"curies":[{"name":"wp","href":"https:\/\/api.w.org\/{rel}","templated":true}]}}