{"id":5737,"date":"2023-11-27T18:06:38","date_gmt":"2023-11-27T17:06:38","guid":{"rendered":"https:\/\/www.platanum.sk\/?page_id=5737"},"modified":"2023-11-27T18:08:30","modified_gmt":"2023-11-27T17:08:30","slug":"elementor-5737","status":"publish","type":"page","link":"https:\/\/www.platanum.sk\/en\/elementor-5737\/","title":{"rendered":"\u017d I A D O S \u0164 O POS\u00daDENIE ODK\u00c1ZANOSTI NA SOCI\u00c1LNU SLU\u017dBU V ZARIADEN\u00cd OPATROVATE\u013dSKEJ SLU\u017dBY A LEK\u00c1RSKY N\u00c1LEZ"},"content":{"rendered":"<div data-elementor-type=\"wp-page\" data-elementor-id=\"5737\" class=\"elementor elementor-5737\" data-elementor-post-type=\"page\">\n\t\t\t\t\t\t<section class=\"elementor-section elementor-top-section elementor-element elementor-element-1ae221d elementor-section-boxed elementor-section-height-default elementor-section-height-default\" data-id=\"1ae221d\" data-element_type=\"section\" data-e-type=\"section\" data-settings=\"{&quot;background_background&quot;:&quot;classic&quot;}\">\n\t\t\t\t\t\t<div class=\"elementor-container elementor-column-gap-default\">\n\t\t\t\t\t<div class=\"elementor-column elementor-col-100 elementor-top-column elementor-element elementor-element-986296b\" data-id=\"986296b\" data-element_type=\"column\" data-e-type=\"column\">\n\t\t\t<div class=\"elementor-widget-wrap elementor-element-populated\">\n\t\t\t\t\t\t<div class=\"elementor-element elementor-element-89b1e78 elementor-widget elementor-widget-spacer\" data-id=\"89b1e78\" data-element_type=\"widget\" data-e-type=\"widget\" data-widget_type=\"spacer.default\">\n\t\t\t\t<div class=\"elementor-widget-container\">\n\t\t\t\t\t\t\t<div class=\"elementor-spacer\">\n\t\t\t<div class=\"elementor-spacer-inner\"><\/div>\n\t\t<\/div>\n\t\t\t\t\t\t<\/div>\n\t\t\t\t<\/div>\n\t\t\t\t\t<\/div>\n\t\t<\/div>\n\t\t\t\t\t<\/div>\n\t\t<\/section>\n\t\t\t\t<section class=\"elementor-section elementor-top-section elementor-element elementor-element-141ed07 elementor-section-boxed elementor-section-height-default elementor-section-height-default\" data-id=\"141ed07\" data-element_type=\"section\" data-e-type=\"section\" data-settings=\"{&quot;background_background&quot;:&quot;classic&quot;}\">\n\t\t\t\t\t\t<div class=\"elementor-container elementor-column-gap-default\">\n\t\t\t\t\t<div class=\"elementor-column elementor-col-100 elementor-top-column elementor-element elementor-element-ae28bfa\" data-id=\"ae28bfa\" data-element_type=\"column\" data-e-type=\"column\">\n\t\t\t<div class=\"elementor-widget-wrap elementor-element-populated\">\n\t\t\t\t\t\t<div class=\"elementor-element elementor-element-b1e0621 elementor-align-center elementor-widget elementor-widget-embedpress_pdf\" data-id=\"b1e0621\" data-element_type=\"widget\" data-e-type=\"widget\" data-widget_type=\"embedpress_pdf.default\">\n\t\t\t\t<div class=\"elementor-widget-container\">\n\t\t\t\t\t    <div class=\"embedpress-document-embed ep-doc-9eb7f97fc7b7b12f26a6073b3cac5bf0 ose-document emebedpress-unit-percent\" data-thememode=\"default\" data-customcolor=\"\" data-toolbar=\"yes\" data-toolbar-position=\"top\" data-open=\"no\" data-presentation-mode=\"yes\" data-download=\"yes\" data-copy=\"yes\" data-add-image=\"yes\" data-rotate=\"yes\" data-details=\"yes\" data-id=\"embedpress-pdf-b1e0621\" data-selection-tool=\"0\" data-scrolling=\"0\" data-spreads=\"-1\" style=\" max-width:100%; display: inline-block\">\n\n        \n                <div >\n\n                    <div id=\"ep-elementor-content-b1e0621\" class=\"ep-elementor-content   ep-percentage-width   ep-content-protection-disabled\">\n                        <div id=\"b1e0621\" class=\"ep-embed-content-wraper\">\n                            <div><iframe title=\"ziadost_o_posudenie_odkazanosti_na_socialnu_sluzbu_v_zariadeni_opatrovatelskej_sluzby_lekarsky_nalez_a_potvrdenie_o_bezinfekcnosti3\" class=\"embedpress-embed-document-pdf embedpress-pdf-b1e0621\" style=\"width: 95%!important;height: 1000px;; max-width:100%; display: inline-block\" src=\"https:\/\/www.platanum.sk\/wp-admin\/admin-ajax.php?action=get_viewer&#038;file=https%3A%2F%2Fwww.platanum.sk%2Fwp-content%2Fuploads%2F2023%2F11%2Fziadost_o_posudenie_odkazanosti_na_socialnu_sluzbu_v_zariadeni_opatrovatelskej_sluzby_lekarsky_nalez_a_potvrdenie_o_bezinfekcnosti3.pdf&#038;scrolling=0&#038;selection_tool=0&#038;spreads=-1#key=dGhlbWVNb2RlPWRlZmF1bHQmdG9vbGJhcj10cnVlJnBvc2l0aW9uPXRvcCZwcmVzZW50YXRpb249dHJ1ZSZsYXp5TG9hZD1mYWxzZSZkb3dubG9hZD10cnVlJmNvcHlfdGV4dD10cnVlJmFkZF90ZXh0PXRydWUmZHJhdz10cnVlJmFkZF9pbWFnZT10cnVlJnBkZl9yb3RhdGlvbj10cnVlJnBkZl9kZXRhaWxzPXRydWUmem9vbV9pbj10cnVlJnpvb21fb3V0PXRydWUmZml0X3ZpZXc9dHJ1ZSZib29rbWFyaz10cnVlJnNvdW5kPXRydWUmZmxpcGJvb2tfdG9vbGJhcl9wb3NpdGlvbj1ib3R0b20mc2VsZWN0aW9uX3Rvb2w9MCZzY3JvbGxpbmc9MCZzcHJlYWRzPS0xJmlzX3Byb19hY3RpdmU9MCZwYWdlTnVtYmVyPTEmd2F0ZXJtYXJrX3RleHQ9JndhdGVybWFya19mb250X3NpemU9NDgmd2F0ZXJtYXJrX2NvbG9yPSUyMzAwMDAwMCZ3YXRlcm1hcmtfb3BhY2l0eT0xNSZ3YXRlcm1hcmtfc3R5bGU9Y2VudGVy&#038;zoom=auto\" data-emid=\"embedpress-pdf-b1e0621\" data-embed-type=\"PDF\" frameborder=\"0\"><\/iframe><\/div>                        <\/div>\n\n                    <\/div>\n\n\n                   \n                <\/div>\n            \n    <\/div>\n\n\t\t\t\t<\/div>\n\t\t\t\t<\/div>\n\t\t\t\t\t<\/div>\n\t\t<\/div>\n\t\t\t\t\t<\/div>\n\t\t<\/section>\n\t\t\t\t<\/div>","protected":false},"excerpt":{"rendered":"","protected":false},"author":1,"featured_media":0,"parent":0,"menu_order":0,"comment_status":"closed","ping_status":"closed","template":"","meta":{"inline_featured_image":false,"site-sidebar-layout":"no-sidebar","site-content-layout":"page-builder","ast-site-content-layout":"full-width-container","site-content-style":"default","site-sidebar-style":"default","ast-global-header-display":"","ast-banner-title-visibility":"","ast-main-header-display":"","ast-hfb-above-header-display":"","ast-hfb-below-header-display":"","ast-hfb-mobile-header-display":"","site-post-title":"disabled","ast-breadcrumbs-content":"","ast-featured-img":"disabled","footer-sml-layout":"","ast-disable-related-posts":"","theme-transparent-header-meta":"","adv-header-id-meta":"","stick-header-meta":"","header-above-stick-meta":"","header-main-stick-meta":"","header-below-stick-meta":"","astra-migrate-meta-layouts":"set","ast-page-background-enabled":"default","ast-page-background-meta":{"desktop":{"background-color":"var(--ast-global-color-4)","background-image":"","background-repeat":"repeat","background-position":"center center","background-size":"auto","background-attachment":"scroll","background-type":"","background-media":"","overlay-type":"","overlay-color":"","overlay-opacity":"","overlay-gradient":""},"tablet":{"background-color":"","background-image":"","background-repeat":"repeat","background-position":"center center","background-size":"auto","background-attachment":"scroll","background-type":"","background-media":"","overlay-type":"","overlay-color":"","overlay-opacity":"","overlay-gradient":""},"mobile":{"background-color":"","background-image":"","background-repeat":"repeat","background-position":"center center","background-size":"auto","background-attachment":"scroll","background-type":"","background-media":"","overlay-type":"","overlay-color":"","overlay-opacity":"","overlay-gradient":""}},"ast-content-background-meta":{"desktop":{"background-color":"var(--ast-global-color-5)","background-image":"","background-repeat":"repeat","background-position":"center center","background-size":"auto","background-attachment":"scroll","background-type":"","background-media":"","overlay-type":"","overlay-color":"","overlay-opacity":"","overlay-gradient":""},"tablet":{"background-color":"var(--ast-global-color-5)","background-image":"","background-repeat":"repeat","background-position":"center center","background-size":"auto","background-attachment":"scroll","background-type":"","background-media":"","overlay-type":"","overlay-color":"","overlay-opacity":"","overlay-gradient":""},"mobile":{"background-color":"var(--ast-global-color-5)","background-image":"","background-repeat":"repeat","background-position":"center center","background-size":"auto","background-attachment":"scroll","background-type":"","background-media":"","overlay-type":"","overlay-color":"","overlay-opacity":"","overlay-gradient":""}},"footnotes":""},"class_list":["post-5737","page","type-page","status-publish","hentry"],"yoast_head":"<!-- This site is optimized with the Yoast SEO plugin v27.5 - https:\/\/yoast.com\/product\/yoast-seo-wordpress\/ -->\n<title>\u017d I A D O S \u0164 O POS\u00daDENIE ODK\u00c1ZANOSTI NA SOCI\u00c1LNU SLU\u017dBU V ZARIADEN\u00cd OPATROVATE\u013dSKEJ SLU\u017dBY A LEK\u00c1RSKY N\u00c1LEZ | Platanum<\/title>\n<meta name=\"robots\" content=\"index, follow, max-snippet:-1, max-image-preview:large, max-video-preview:-1\" \/>\n<link rel=\"canonical\" href=\"https:\/\/www.platanum.sk\/en\/elementor-5737\/\" \/>\n<meta property=\"og:locale\" content=\"en_GB\" \/>\n<meta property=\"og:type\" content=\"article\" \/>\n<meta property=\"og:title\" content=\"\u017d I A D O S \u0164 O POS\u00daDENIE ODK\u00c1ZANOSTI NA SOCI\u00c1LNU SLU\u017dBU V ZARIADEN\u00cd OPATROVATE\u013dSKEJ SLU\u017dBY A LEK\u00c1RSKY N\u00c1LEZ | Platanum\" \/>\n<meta property=\"og:url\" content=\"https:\/\/www.platanum.sk\/en\/elementor-5737\/\" \/>\n<meta property=\"og:site_name\" content=\"Platanum\" \/>\n<meta property=\"article:modified_time\" content=\"2023-11-27T17:08:30+00:00\" \/>\n<meta name=\"twitter:card\" content=\"summary_large_image\" \/>\n<script type=\"application\/ld+json\" class=\"yoast-schema-graph\">{\"@context\":\"https:\\\/\\\/schema.org\",\"@graph\":[{\"@type\":\"WebPage\",\"@id\":\"https:\\\/\\\/www.platanum.sk\\\/elementor-5737\\\/\",\"url\":\"https:\\\/\\\/www.platanum.sk\\\/elementor-5737\\\/\",\"name\":\"\u017d I A D O S \u0164 O POS\u00daDENIE ODK\u00c1ZANOSTI NA SOCI\u00c1LNU SLU\u017dBU V ZARIADEN\u00cd OPATROVATE\u013dSKEJ SLU\u017dBY A LEK\u00c1RSKY N\u00c1LEZ | Platanum\",\"isPartOf\":{\"@id\":\"https:\\\/\\\/www.platanum.sk\\\/#website\"},\"datePublished\":\"2023-11-27T17:06:38+00:00\",\"dateModified\":\"2023-11-27T17:08:30+00:00\",\"breadcrumb\":{\"@id\":\"https:\\\/\\\/www.platanum.sk\\\/elementor-5737\\\/#breadcrumb\"},\"inLanguage\":\"en-GB\",\"potentialAction\":[{\"@type\":\"ReadAction\",\"target\":[\"https:\\\/\\\/www.platanum.sk\\\/elementor-5737\\\/\"]}]},{\"@type\":\"BreadcrumbList\",\"@id\":\"https:\\\/\\\/www.platanum.sk\\\/elementor-5737\\\/#breadcrumb\",\"itemListElement\":[{\"@type\":\"ListItem\",\"position\":1,\"name\":\"Domovsk\u00e1 str\u00e1nka\",\"item\":\"https:\\\/\\\/www.platanum.sk\\\/\"},{\"@type\":\"ListItem\",\"position\":2,\"name\":\"\u017d I A D O S \u0164 O POS\u00daDENIE ODK\u00c1ZANOSTI NA SOCI\u00c1LNU SLU\u017dBU V ZARIADEN\u00cd OPATROVATE\u013dSKEJ SLU\u017dBY A LEK\u00c1RSKY N\u00c1LEZ\"}]},{\"@type\":\"WebSite\",\"@id\":\"https:\\\/\\\/www.platanum.sk\\\/#website\",\"url\":\"https:\\\/\\\/www.platanum.sk\\\/\",\"name\":\"Platanum\",\"description\":\"Vytv\u00e1rame spomienky, star\u00e1me sa s l\u00e1skou\",\"publisher\":{\"@id\":\"https:\\\/\\\/www.platanum.sk\\\/#organization\"},\"potentialAction\":[{\"@type\":\"SearchAction\",\"target\":{\"@type\":\"EntryPoint\",\"urlTemplate\":\"https:\\\/\\\/www.platanum.sk\\\/?s={search_term_string}\"},\"query-input\":{\"@type\":\"PropertyValueSpecification\",\"valueRequired\":true,\"valueName\":\"search_term_string\"}}],\"inLanguage\":\"en-GB\"},{\"@type\":\"Organization\",\"@id\":\"https:\\\/\\\/www.platanum.sk\\\/#organization\",\"name\":\"Platanum\",\"url\":\"https:\\\/\\\/www.platanum.sk\\\/\",\"logo\":{\"@type\":\"ImageObject\",\"inLanguage\":\"en-GB\",\"@id\":\"https:\\\/\\\/www.platanum.sk\\\/#\\\/schema\\\/logo\\\/image\\\/\",\"url\":\"https:\\\/\\\/www.platanum.sk\\\/wp-content\\\/uploads\\\/2022\\\/02\\\/platanum_main_logo_light.svg\",\"contentUrl\":\"https:\\\/\\\/www.platanum.sk\\\/wp-content\\\/uploads\\\/2022\\\/02\\\/platanum_main_logo_light.svg\",\"width\":1000,\"height\":506,\"caption\":\"Platanum\"},\"image\":{\"@id\":\"https:\\\/\\\/www.platanum.sk\\\/#\\\/schema\\\/logo\\\/image\\\/\"}}]}<\/script>\n<!-- \/ Yoast SEO plugin. -->","yoast_head_json":{"title":"\u017d I A D O S \u0164 O POS\u00daDENIE ODK\u00c1ZANOSTI NA SOCI\u00c1LNU SLU\u017dBU V ZARIADEN\u00cd OPATROVATE\u013dSKEJ SLU\u017dBY A LEK\u00c1RSKY N\u00c1LEZ | Platanum","robots":{"index":"index","follow":"follow","max-snippet":"max-snippet:-1","max-image-preview":"max-image-preview:large","max-video-preview":"max-video-preview:-1"},"canonical":"https:\/\/www.platanum.sk\/en\/elementor-5737\/","og_locale":"en_GB","og_type":"article","og_title":"\u017d I A D O S \u0164 O POS\u00daDENIE ODK\u00c1ZANOSTI NA SOCI\u00c1LNU SLU\u017dBU V ZARIADEN\u00cd OPATROVATE\u013dSKEJ SLU\u017dBY A LEK\u00c1RSKY N\u00c1LEZ | Platanum","og_url":"https:\/\/www.platanum.sk\/en\/elementor-5737\/","og_site_name":"Platanum","article_modified_time":"2023-11-27T17:08:30+00:00","twitter_card":"summary_large_image","schema":{"@context":"https:\/\/schema.org","@graph":[{"@type":"WebPage","@id":"https:\/\/www.platanum.sk\/elementor-5737\/","url":"https:\/\/www.platanum.sk\/elementor-5737\/","name":"\u017d I A D O S \u0164 O POS\u00daDENIE ODK\u00c1ZANOSTI NA SOCI\u00c1LNU SLU\u017dBU V ZARIADEN\u00cd OPATROVATE\u013dSKEJ SLU\u017dBY A LEK\u00c1RSKY N\u00c1LEZ | Platanum","isPartOf":{"@id":"https:\/\/www.platanum.sk\/#website"},"datePublished":"2023-11-27T17:06:38+00:00","dateModified":"2023-11-27T17:08:30+00:00","breadcrumb":{"@id":"https:\/\/www.platanum.sk\/elementor-5737\/#breadcrumb"},"inLanguage":"en-GB","potentialAction":[{"@type":"ReadAction","target":["https:\/\/www.platanum.sk\/elementor-5737\/"]}]},{"@type":"BreadcrumbList","@id":"https:\/\/www.platanum.sk\/elementor-5737\/#breadcrumb","itemListElement":[{"@type":"ListItem","position":1,"name":"Domovsk\u00e1 str\u00e1nka","item":"https:\/\/www.platanum.sk\/"},{"@type":"ListItem","position":2,"name":"\u017d I A D O S \u0164 O POS\u00daDENIE ODK\u00c1ZANOSTI NA SOCI\u00c1LNU SLU\u017dBU V ZARIADEN\u00cd OPATROVATE\u013dSKEJ SLU\u017dBY A LEK\u00c1RSKY N\u00c1LEZ"}]},{"@type":"WebSite","@id":"https:\/\/www.platanum.sk\/#website","url":"https:\/\/www.platanum.sk\/","name":"Platanum","description":"Vytv\u00e1rame spomienky, star\u00e1me sa s l\u00e1skou","publisher":{"@id":"https:\/\/www.platanum.sk\/#organization"},"potentialAction":[{"@type":"SearchAction","target":{"@type":"EntryPoint","urlTemplate":"https:\/\/www.platanum.sk\/?s={search_term_string}"},"query-input":{"@type":"PropertyValueSpecification","valueRequired":true,"valueName":"search_term_string"}}],"inLanguage":"en-GB"},{"@type":"Organization","@id":"https:\/\/www.platanum.sk\/#organization","name":"Platanum","url":"https:\/\/www.platanum.sk\/","logo":{"@type":"ImageObject","inLanguage":"en-GB","@id":"https:\/\/www.platanum.sk\/#\/schema\/logo\/image\/","url":"https:\/\/www.platanum.sk\/wp-content\/uploads\/2022\/02\/platanum_main_logo_light.svg","contentUrl":"https:\/\/www.platanum.sk\/wp-content\/uploads\/2022\/02\/platanum_main_logo_light.svg","width":1000,"height":506,"caption":"Platanum"},"image":{"@id":"https:\/\/www.platanum.sk\/#\/schema\/logo\/image\/"}}]}},"_links":{"self":[{"href":"https:\/\/www.platanum.sk\/en\/wp-json\/wp\/v2\/pages\/5737","targetHints":{"allow":["GET"]}}],"collection":[{"href":"https:\/\/www.platanum.sk\/en\/wp-json\/wp\/v2\/pages"}],"about":[{"href":"https:\/\/www.platanum.sk\/en\/wp-json\/wp\/v2\/types\/page"}],"author":[{"embeddable":true,"href":"https:\/\/www.platanum.sk\/en\/wp-json\/wp\/v2\/users\/1"}],"replies":[{"embeddable":true,"href":"https:\/\/www.platanum.sk\/en\/wp-json\/wp\/v2\/comments?post=5737"}],"version-history":[{"count":5,"href":"https:\/\/www.platanum.sk\/en\/wp-json\/wp\/v2\/pages\/5737\/revisions"}],"predecessor-version":[{"id":5743,"href":"https:\/\/www.platanum.sk\/en\/wp-json\/wp\/v2\/pages\/5737\/revisions\/5743"}],"wp:attachment":[{"href":"https:\/\/www.platanum.sk\/en\/wp-json\/wp\/v2\/media?parent=5737"}],"curies":[{"name":"wp","href":"https:\/\/api.w.org\/{rel}","templated":true}]}}