{"id":5988,"date":"2023-12-12T12:21:12","date_gmt":"2023-12-12T11:21:12","guid":{"rendered":"https:\/\/www.platanum.sk\/?page_id=5988"},"modified":"2025-11-07T07:51:54","modified_gmt":"2025-11-07T06:51:54","slug":"elementor-5988","status":"publish","type":"page","link":"https:\/\/www.platanum.sk\/en\/elementor-5988\/","title":{"rendered":"Sp\u00e4tn\u00e1 v\u00e4zba"},"content":{"rendered":"\t\t<div data-elementor-type=\"wp-page\" data-elementor-id=\"5988\" class=\"elementor elementor-5988\" data-elementor-post-type=\"page\">\n\t\t\t\t\t\t<section class=\"elementor-section elementor-top-section elementor-element elementor-element-09a5688 elementor-section-boxed elementor-section-height-default elementor-section-height-default\" data-id=\"09a5688\" data-element_type=\"section\" data-e-type=\"section\" data-settings=\"{&quot;background_background&quot;:&quot;classic&quot;}\">\n\t\t\t\t\t\t<div class=\"elementor-container elementor-column-gap-default\">\n\t\t\t\t\t<div class=\"elementor-column elementor-col-100 elementor-top-column elementor-element elementor-element-1de43ed\" data-id=\"1de43ed\" data-element_type=\"column\" data-e-type=\"column\">\n\t\t\t<div class=\"elementor-widget-wrap elementor-element-populated\">\n\t\t\t\t\t\t<div class=\"elementor-element elementor-element-20eb210 elementor-widget elementor-widget-spacer\" data-id=\"20eb210\" data-element_type=\"widget\" data-e-type=\"widget\" data-widget_type=\"spacer.default\">\n\t\t\t\t<div class=\"elementor-widget-container\">\n\t\t\t\t\t\t\t<div class=\"elementor-spacer\">\n\t\t\t<div class=\"elementor-spacer-inner\"><\/div>\n\t\t<\/div>\n\t\t\t\t\t\t<\/div>\n\t\t\t\t<\/div>\n\t\t\t\t\t<\/div>\n\t\t<\/div>\n\t\t\t\t\t<\/div>\n\t\t<\/section>\n\t\t\t\t<section class=\"elementor-section elementor-top-section elementor-element elementor-element-813ba06 elementor-section-boxed elementor-section-height-default elementor-section-height-default\" data-id=\"813ba06\" data-element_type=\"section\" data-e-type=\"section\" data-settings=\"{&quot;background_background&quot;:&quot;classic&quot;}\">\n\t\t\t\t\t\t<div class=\"elementor-container elementor-column-gap-default\">\n\t\t\t\t\t<div class=\"elementor-column elementor-col-100 elementor-top-column elementor-element elementor-element-ed9775e\" data-id=\"ed9775e\" data-element_type=\"column\" data-e-type=\"column\">\n\t\t\t<div class=\"elementor-widget-wrap elementor-element-populated\">\n\t\t\t\t\t\t<div class=\"elementor-element elementor-element-9815264 animated-slow elementor-widget-divider--view-line elementor-invisible elementor-widget elementor-widget-divider\" data-id=\"9815264\" data-element_type=\"widget\" data-e-type=\"widget\" data-settings=\"{&quot;_animation&quot;:&quot;fadeInLeft&quot;}\" data-widget_type=\"divider.default\">\n\t\t\t\t<div class=\"elementor-widget-container\">\n\t\t\t\t\t\t\t<div class=\"elementor-divider\">\n\t\t\t<span class=\"elementor-divider-separator\">\n\t\t\t\t\t\t<\/span>\n\t\t<\/div>\n\t\t\t\t\t\t<\/div>\n\t\t\t\t<\/div>\n\t\t\t\t\t<\/div>\n\t\t<\/div>\n\t\t\t\t\t<\/div>\n\t\t<\/section>\n\t\t\t\t<section class=\"elementor-section elementor-top-section elementor-element elementor-element-ed350ab elementor-section-boxed elementor-section-height-default elementor-section-height-default\" data-id=\"ed350ab\" data-element_type=\"section\" data-e-type=\"section\" data-settings=\"{&quot;background_background&quot;:&quot;classic&quot;}\">\n\t\t\t\t\t\t<div class=\"elementor-container elementor-column-gap-default\">\n\t\t\t\t\t<div class=\"elementor-column elementor-col-100 elementor-top-column elementor-element elementor-element-662a042\" data-id=\"662a042\" data-element_type=\"column\" data-e-type=\"column\">\n\t\t\t<div class=\"elementor-widget-wrap elementor-element-populated\">\n\t\t\t\t\t\t<div class=\"elementor-element elementor-element-5bb3988 animated-slow elementor-invisible elementor-widget elementor-widget-heading\" data-id=\"5bb3988\" data-element_type=\"widget\" data-e-type=\"widget\" data-settings=\"{&quot;_animation&quot;:&quot;fadeInLeft&quot;}\" data-widget_type=\"heading.default\">\n\t\t\t\t<div class=\"elementor-widget-container\">\n\t\t\t\t\t<h2 class=\"elementor-heading-title elementor-size-default\">Sp\u00e4tn\u00e1 v\u00e4zba<\/h2>\t\t\t\t<\/div>\n\t\t\t\t<\/div>\n\t\t\t\t\t<\/div>\n\t\t<\/div>\n\t\t\t\t\t<\/div>\n\t\t<\/section>\n\t\t\t\t<section class=\"elementor-section elementor-top-section elementor-element elementor-element-7a1a606 elementor-section-boxed elementor-section-height-default elementor-section-height-default\" data-id=\"7a1a606\" data-element_type=\"section\" data-e-type=\"section\">\n\t\t\t\t\t\t<div class=\"elementor-container elementor-column-gap-default\">\n\t\t\t\t\t<div class=\"elementor-column elementor-col-100 elementor-top-column elementor-element elementor-element-23b5356\" data-id=\"23b5356\" data-element_type=\"column\" data-e-type=\"column\">\n\t\t\t<div class=\"elementor-widget-wrap elementor-element-populated\">\n\t\t\t\t\t\t<div class=\"elementor-element elementor-element-bc7adab elementor-widget elementor-widget-text-editor\" data-id=\"bc7adab\" data-element_type=\"widget\" data-e-type=\"widget\" data-widget_type=\"text-editor.default\">\n\t\t\t\t<div class=\"elementor-widget-container\">\n\t\t\t\t\t\t\t\t\t<div class=\"flex-1 overflow-hidden\"><div class=\"react-scroll-to-bottom--css-uclxj-79elbk h-full\"><div class=\"react-scroll-to-bottom--css-uclxj-1n7m0yu\"><div class=\"flex flex-col pb-9 text-sm\"><div class=\"w-full text-token-text-primary\" data-testid=\"conversation-turn-3\"><div class=\"px-4 py-2 justify-center text-base md:gap-6 m-auto\"><div class=\"flex flex-1 text-base mx-auto gap-3 md:px-5 lg:px-1 xl:px-5 md:max-w-3xl lg:max-w-[40rem] xl:max-w-[48rem] group final-completion\"><div class=\"relative flex w-full flex-col lg:w-[calc(100%-115px)] agent-turn\"><div class=\"flex-col gap-1 md:gap-3\"><div class=\"flex flex-grow flex-col max-w-full\"><div class=\"min-h-[20px] text-message flex flex-col items-start gap-3 whitespace-pre-wrap break-words [.text-message+&amp;]:mt-5 overflow-x-auto\" data-message-author-role=\"assistant\" data-message-id=\"f368c435-b450-41cc-aebb-84d0ce8f40d3\"><div class=\"markdown prose w-full break-words dark:prose-invert dark\"><p><span style=\"font-style: inherit; font-weight: inherit; font-family: var( --e-global-typography-text-font-family ), Sans-serif; background-color: var(--ast-global-color-4);\">\u00a0<\/span><\/p><p data-start=\"134\" data-end=\"372\">Sp\u00e4tn\u00e1 v\u00e4zba od pr\u00edbuzn\u00fdch na\u0161ich prij\u00edmate\u013eov soci\u00e1lnych slu\u017eieb je pre n\u00e1s nesmierne cenn\u00e1. Ka\u017ed\u00e9 slovo v\u010faky a ka\u017ed\u00e9 pozit\u00edvne hodnotenie n\u00e1m pripom\u00edna skuto\u010dn\u00fd zmysel a hodnotu na\u0161ej pr\u00e1ce. Tieto \u00faprimn\u00e9 reakcie n\u00e1s motivuj\u00fa neust\u00e1le zlep\u0161ova\u0165 kvalitu poskytovanej starostlivosti a vytv\u00e1ra\u0165 prostredie, kde sa na\u0161i prij\u00edmatelia c\u00edtia bezpe\u010dne, re\u0161pektovane a d\u00f4stojne. S hlbokou v\u010fa\u010dnos\u0165ou \u010fakujeme v\u0161etk\u00fdm pr\u00edbuzn\u00fdm za d\u00f4veru a podporu \u2013 ich sp\u00e4tn\u00e1 v\u00e4zba posil\u0148uje na\u0161e \u00fasilie poskytova\u0165 starostlivos\u0165 na profesion\u00e1lnej \u00farovni.<\/p><\/div><\/div><\/div><\/div><\/div><\/div><\/div><\/div><\/div><\/div><\/div><\/div>\t\t\t\t\t\t\t\t<\/div>\n\t\t\t\t<\/div>\n\t\t\t\t<div class=\"elementor-element elementor-element-f77f4d8 elementor-widget elementor-widget-gallery\" data-id=\"f77f4d8\" data-element_type=\"widget\" data-e-type=\"widget\" data-settings=\"{&quot;gallery_layout&quot;:&quot;masonry&quot;,&quot;columns&quot;:2,&quot;lazyload&quot;:&quot;yes&quot;,&quot;columns_tablet&quot;:2,&quot;columns_mobile&quot;:1,&quot;gap&quot;:{&quot;unit&quot;:&quot;px&quot;,&quot;size&quot;:10,&quot;sizes&quot;:[]},&quot;gap_tablet&quot;:{&quot;unit&quot;:&quot;px&quot;,&quot;size&quot;:10,&quot;sizes&quot;:[]},&quot;gap_mobile&quot;:{&quot;unit&quot;:&quot;px&quot;,&quot;size&quot;:10,&quot;sizes&quot;:[]},&quot;link_to&quot;:&quot;file&quot;,&quot;overlay_background&quot;:&quot;yes&quot;,&quot;content_hover_animation&quot;:&quot;fade-in&quot;}\" data-widget_type=\"gallery.default\">\n\t\t\t\t<div class=\"elementor-widget-container\">\n\t\t\t\t\t\t\t<div class=\"elementor-gallery__container\">\n\t\t\t\t\t\t\t<a class=\"e-gallery-item elementor-gallery-item elementor-animated-content\" href=\"https:\/\/www.platanum.sk\/wp-content\/uploads\/2025\/11\/20251107074900552_page-0001-scaled.jpg\" data-elementor-open-lightbox=\"yes\" data-elementor-lightbox-slideshow=\"f77f4d8\" data-elementor-lightbox-title=\"20251107074900552_page-0001\" data-e-action-hash=\"#elementor-action%3Aaction%3Dlightbox%26settings%3DeyJpZCI6Nzc1MCwidXJsIjoiaHR0cHM6XC9cL3d3dy5wbGF0YW51bS5za1wvd3AtY29udGVudFwvdXBsb2Fkc1wvMjAyNVwvMTFcLzIwMjUxMTA3MDc0OTAwNTUyX3BhZ2UtMDAwMS1zY2FsZWQuanBnIiwic2xpZGVzaG93IjoiZjc3ZjRkOCJ9\">\n\t\t\t\t\t<div class=\"e-gallery-image elementor-gallery-item__image\" data-thumbnail=\"https:\/\/www.platanum.sk\/wp-content\/uploads\/2025\/11\/20251107074900552_page-0001-scaled.jpg\" data-width=\"1810\" data-height=\"2560\" aria-label=\"\" role=\"img\" ><\/div>\n\t\t\t\t\t\t\t\t\t\t\t<div class=\"elementor-gallery-item__overlay\"><\/div>\n\t\t\t\t\t\t\t\t\t\t\t\t\t\t<\/a>\n\t\t\t\t\t\t\t<a class=\"e-gallery-item elementor-gallery-item elementor-animated-content\" href=\"https:\/\/www.platanum.sk\/wp-content\/uploads\/2025\/10\/Dak.2-scaled.jpg\" data-elementor-open-lightbox=\"yes\" data-elementor-lightbox-slideshow=\"f77f4d8\" data-elementor-lightbox-title=\"\u010eak.2\" data-e-action-hash=\"#elementor-action%3Aaction%3Dlightbox%26settings%3DeyJpZCI6NzUxOCwidXJsIjoiaHR0cHM6XC9cL3d3dy5wbGF0YW51bS5za1wvd3AtY29udGVudFwvdXBsb2Fkc1wvMjAyNVwvMTBcL0Rhay4yLXNjYWxlZC5qcGciLCJzbGlkZXNob3ciOiJmNzdmNGQ4In0%3D\">\n\t\t\t\t\t<div class=\"e-gallery-image elementor-gallery-item__image\" data-thumbnail=\"https:\/\/www.platanum.sk\/wp-content\/uploads\/2025\/10\/Dak.2-scaled.jpg\" data-width=\"1810\" data-height=\"2560\" aria-label=\"\" role=\"img\" ><\/div>\n\t\t\t\t\t\t\t\t\t\t\t<div class=\"elementor-gallery-item__overlay\"><\/div>\n\t\t\t\t\t\t\t\t\t\t\t\t\t\t<\/a>\n\t\t\t\t\t\t\t<a class=\"e-gallery-item elementor-gallery-item elementor-animated-content\" href=\"https:\/\/www.platanum.sk\/wp-content\/uploads\/2025\/10\/Dak.1-1-scaled.jpg\" data-elementor-open-lightbox=\"yes\" data-elementor-lightbox-slideshow=\"f77f4d8\" data-elementor-lightbox-title=\"\u010eak.1 (1)\" data-e-action-hash=\"#elementor-action%3Aaction%3Dlightbox%26settings%3DeyJpZCI6NzUxOSwidXJsIjoiaHR0cHM6XC9cL3d3dy5wbGF0YW51bS5za1wvd3AtY29udGVudFwvdXBsb2Fkc1wvMjAyNVwvMTBcL0Rhay4xLTEtc2NhbGVkLmpwZyIsInNsaWRlc2hvdyI6ImY3N2Y0ZDgifQ%3D%3D\">\n\t\t\t\t\t<div class=\"e-gallery-image elementor-gallery-item__image\" data-thumbnail=\"https:\/\/www.platanum.sk\/wp-content\/uploads\/2025\/10\/Dak.1-1-scaled.jpg\" data-width=\"1810\" data-height=\"2560\" aria-label=\"\" role=\"img\" ><\/div>\n\t\t\t\t\t\t\t\t\t\t\t<div class=\"elementor-gallery-item__overlay\"><\/div>\n\t\t\t\t\t\t\t\t\t\t\t\t\t\t<\/a>\n\t\t\t\t\t\t\t<a class=\"e-gallery-item elementor-gallery-item elementor-animated-content\" href=\"https:\/\/www.platanum.sk\/wp-content\/uploads\/2025\/10\/524996437_733204159461854_6664870011394853912_n.jpg\" data-elementor-open-lightbox=\"yes\" data-elementor-lightbox-slideshow=\"f77f4d8\" data-elementor-lightbox-title=\"524996437_733204159461854_6664870011394853912_n\" data-e-action-hash=\"#elementor-action%3Aaction%3Dlightbox%26settings%3DeyJpZCI6NzUyNiwidXJsIjoiaHR0cHM6XC9cL3d3dy5wbGF0YW51bS5za1wvd3AtY29udGVudFwvdXBsb2Fkc1wvMjAyNVwvMTBcLzUyNDk5NjQzN183MzMyMDQxNTk0NjE4NTRfNjY2NDg3MDAxMTM5NDg1MzkxMl9uLmpwZyIsInNsaWRlc2hvdyI6ImY3N2Y0ZDgifQ%3D%3D\">\n\t\t\t\t\t<div class=\"e-gallery-image elementor-gallery-item__image\" data-thumbnail=\"https:\/\/www.platanum.sk\/wp-content\/uploads\/2025\/10\/524996437_733204159461854_6664870011394853912_n.jpg\" data-width=\"1200\" data-height=\"1600\" aria-label=\"\" role=\"img\" ><\/div>\n\t\t\t\t\t\t\t\t\t\t\t<div class=\"elementor-gallery-item__overlay\"><\/div>\n\t\t\t\t\t\t\t\t\t\t\t\t\t\t<\/a>\n\t\t\t\t\t<\/div>\n\t\t\t\t\t<\/div>\n\t\t\t\t<\/div>\n\t\t\t\t\t<\/div>\n\t\t<\/div>\n\t\t\t\t\t<\/div>\n\t\t<\/section>\n\t\t\t\t<\/div>\n\t\t","protected":false},"excerpt":{"rendered":"<p>Sp\u00e4tn\u00e1 v\u00e4zba \u00a0 Sp\u00e4tn\u00e1 v\u00e4zba od pr\u00edbuzn\u00fdch na\u0161ich prij\u00edmate\u013eov soci\u00e1lnych slu\u017eieb je pre n\u00e1s nesmierne cenn\u00e1. Ka\u017ed\u00e9 slovo v\u010faky a ka\u017ed\u00e9 pozit\u00edvne hodnotenie n\u00e1m pripom\u00edna skuto\u010dn\u00fd zmysel a hodnotu na\u0161ej pr\u00e1ce. Tieto \u00faprimn\u00e9 reakcie n\u00e1s motivuj\u00fa neust\u00e1le zlep\u0161ova\u0165 kvalitu poskytovanej starostlivosti a vytv\u00e1ra\u0165 prostredie, kde sa na\u0161i prij\u00edmatelia c\u00edtia bezpe\u010dne, re\u0161pektovane a d\u00f4stojne. S hlbokou [&hellip;]<\/p>\n","protected":false},"author":1,"featured_media":0,"parent":0,"menu_order":0,"comment_status":"closed","ping_status":"closed","template":"","meta":{"inline_featured_image":false,"site-sidebar-layout":"no-sidebar","site-content-layout":"page-builder","ast-site-content-layout":"full-width-container","site-content-style":"default","site-sidebar-style":"default","ast-global-header-display":"","ast-banner-title-visibility":"","ast-main-header-display":"","ast-hfb-above-header-display":"","ast-hfb-below-header-display":"","ast-hfb-mobile-header-display":"","site-post-title":"disabled","ast-breadcrumbs-content":"","ast-featured-img":"disabled","footer-sml-layout":"","ast-disable-related-posts":"","theme-transparent-header-meta":"","adv-header-id-meta":"","stick-header-meta":"","header-above-stick-meta":"","header-main-stick-meta":"","header-below-stick-meta":"","astra-migrate-meta-layouts":"set","ast-page-background-enabled":"default","ast-page-background-meta":{"desktop":{"background-color":"var(--ast-global-color-4)","background-image":"","background-repeat":"repeat","background-position":"center center","background-size":"auto","background-attachment":"scroll","background-type":"","background-media":"","overlay-type":"","overlay-color":"","overlay-opacity":"","overlay-gradient":""},"tablet":{"background-color":"","background-image":"","background-repeat":"repeat","background-position":"center center","background-size":"auto","background-attachment":"scroll","background-type":"","background-media":"","overlay-type":"","overlay-color":"","overlay-opacity":"","overlay-gradient":""},"mobile":{"background-color":"","background-image":"","background-repeat":"repeat","background-position":"center center","background-size":"auto","background-attachment":"scroll","background-type":"","background-media":"","overlay-type":"","overlay-color":"","overlay-opacity":"","overlay-gradient":""}},"ast-content-background-meta":{"desktop":{"background-color":"var(--ast-global-color-5)","background-image":"","background-repeat":"repeat","background-position":"center center","background-size":"auto","background-attachment":"scroll","background-type":"","background-media":"","overlay-type":"","overlay-color":"","overlay-opacity":"","overlay-gradient":""},"tablet":{"background-color":"var(--ast-global-color-5)","background-image":"","background-repeat":"repeat","background-position":"center center","background-size":"auto","background-attachment":"scroll","background-type":"","background-media":"","overlay-type":"","overlay-color":"","overlay-opacity":"","overlay-gradient":""},"mobile":{"background-color":"var(--ast-global-color-5)","background-image":"","background-repeat":"repeat","background-position":"center center","background-size":"auto","background-attachment":"scroll","background-type":"","background-media":"","overlay-type":"","overlay-color":"","overlay-opacity":"","overlay-gradient":""}},"footnotes":""},"class_list":["post-5988","page","type-page","status-publish","hentry"],"yoast_head":"<!-- This site is optimized with the Yoast SEO plugin v27.5 - https:\/\/yoast.com\/product\/yoast-seo-wordpress\/ -->\n<title>Sp\u00e4tn\u00e1 v\u00e4zba | Platanum<\/title>\n<meta name=\"robots\" content=\"index, follow, max-snippet:-1, max-image-preview:large, max-video-preview:-1\" \/>\n<link rel=\"canonical\" href=\"https:\/\/www.platanum.sk\/en\/elementor-5988\/\" \/>\n<meta property=\"og:locale\" content=\"en_GB\" \/>\n<meta property=\"og:type\" content=\"article\" \/>\n<meta property=\"og:title\" content=\"Sp\u00e4tn\u00e1 v\u00e4zba | Platanum\" \/>\n<meta property=\"og:description\" content=\"Sp\u00e4tn\u00e1 v\u00e4zba \u00a0 Sp\u00e4tn\u00e1 v\u00e4zba od pr\u00edbuzn\u00fdch na\u0161ich prij\u00edmate\u013eov soci\u00e1lnych slu\u017eieb je pre n\u00e1s nesmierne cenn\u00e1. Ka\u017ed\u00e9 slovo v\u010faky a ka\u017ed\u00e9 pozit\u00edvne hodnotenie n\u00e1m pripom\u00edna skuto\u010dn\u00fd zmysel a hodnotu na\u0161ej pr\u00e1ce. Tieto \u00faprimn\u00e9 reakcie n\u00e1s motivuj\u00fa neust\u00e1le zlep\u0161ova\u0165 kvalitu poskytovanej starostlivosti a vytv\u00e1ra\u0165 prostredie, kde sa na\u0161i prij\u00edmatelia c\u00edtia bezpe\u010dne, re\u0161pektovane a d\u00f4stojne. S hlbokou [&hellip;]\" \/>\n<meta property=\"og:url\" content=\"https:\/\/www.platanum.sk\/en\/elementor-5988\/\" \/>\n<meta property=\"og:site_name\" content=\"Platanum\" \/>\n<meta property=\"article:modified_time\" content=\"2025-11-07T06:51:54+00:00\" \/>\n<meta name=\"twitter:card\" content=\"summary_large_image\" \/>\n<script type=\"application\/ld+json\" class=\"yoast-schema-graph\">{\"@context\":\"https:\\\/\\\/schema.org\",\"@graph\":[{\"@type\":\"WebPage\",\"@id\":\"https:\\\/\\\/www.platanum.sk\\\/elementor-5988\\\/\",\"url\":\"https:\\\/\\\/www.platanum.sk\\\/elementor-5988\\\/\",\"name\":\"Sp\u00e4tn\u00e1 v\u00e4zba | Platanum\",\"isPartOf\":{\"@id\":\"https:\\\/\\\/www.platanum.sk\\\/#website\"},\"datePublished\":\"2023-12-12T11:21:12+00:00\",\"dateModified\":\"2025-11-07T06:51:54+00:00\",\"breadcrumb\":{\"@id\":\"https:\\\/\\\/www.platanum.sk\\\/elementor-5988\\\/#breadcrumb\"},\"inLanguage\":\"en-GB\",\"potentialAction\":[{\"@type\":\"ReadAction\",\"target\":[\"https:\\\/\\\/www.platanum.sk\\\/elementor-5988\\\/\"]}]},{\"@type\":\"BreadcrumbList\",\"@id\":\"https:\\\/\\\/www.platanum.sk\\\/elementor-5988\\\/#breadcrumb\",\"itemListElement\":[{\"@type\":\"ListItem\",\"position\":1,\"name\":\"Domovsk\u00e1 str\u00e1nka\",\"item\":\"https:\\\/\\\/www.platanum.sk\\\/\"},{\"@type\":\"ListItem\",\"position\":2,\"name\":\"Sp\u00e4tn\u00e1 v\u00e4zba\"}]},{\"@type\":\"WebSite\",\"@id\":\"https:\\\/\\\/www.platanum.sk\\\/#website\",\"url\":\"https:\\\/\\\/www.platanum.sk\\\/\",\"name\":\"Platanum\",\"description\":\"Vytv\u00e1rame spomienky, star\u00e1me sa s l\u00e1skou\",\"publisher\":{\"@id\":\"https:\\\/\\\/www.platanum.sk\\\/#organization\"},\"potentialAction\":[{\"@type\":\"SearchAction\",\"target\":{\"@type\":\"EntryPoint\",\"urlTemplate\":\"https:\\\/\\\/www.platanum.sk\\\/?s={search_term_string}\"},\"query-input\":{\"@type\":\"PropertyValueSpecification\",\"valueRequired\":true,\"valueName\":\"search_term_string\"}}],\"inLanguage\":\"en-GB\"},{\"@type\":\"Organization\",\"@id\":\"https:\\\/\\\/www.platanum.sk\\\/#organization\",\"name\":\"Platanum\",\"url\":\"https:\\\/\\\/www.platanum.sk\\\/\",\"logo\":{\"@type\":\"ImageObject\",\"inLanguage\":\"en-GB\",\"@id\":\"https:\\\/\\\/www.platanum.sk\\\/#\\\/schema\\\/logo\\\/image\\\/\",\"url\":\"https:\\\/\\\/www.platanum.sk\\\/wp-content\\\/uploads\\\/2022\\\/02\\\/platanum_main_logo_light.svg\",\"contentUrl\":\"https:\\\/\\\/www.platanum.sk\\\/wp-content\\\/uploads\\\/2022\\\/02\\\/platanum_main_logo_light.svg\",\"width\":1000,\"height\":506,\"caption\":\"Platanum\"},\"image\":{\"@id\":\"https:\\\/\\\/www.platanum.sk\\\/#\\\/schema\\\/logo\\\/image\\\/\"}}]}<\/script>\n<!-- \/ Yoast SEO plugin. -->","yoast_head_json":{"title":"Sp\u00e4tn\u00e1 v\u00e4zba | Platanum","robots":{"index":"index","follow":"follow","max-snippet":"max-snippet:-1","max-image-preview":"max-image-preview:large","max-video-preview":"max-video-preview:-1"},"canonical":"https:\/\/www.platanum.sk\/en\/elementor-5988\/","og_locale":"en_GB","og_type":"article","og_title":"Sp\u00e4tn\u00e1 v\u00e4zba | Platanum","og_description":"Sp\u00e4tn\u00e1 v\u00e4zba \u00a0 Sp\u00e4tn\u00e1 v\u00e4zba od pr\u00edbuzn\u00fdch na\u0161ich prij\u00edmate\u013eov soci\u00e1lnych slu\u017eieb je pre n\u00e1s nesmierne cenn\u00e1. Ka\u017ed\u00e9 slovo v\u010faky a ka\u017ed\u00e9 pozit\u00edvne hodnotenie n\u00e1m pripom\u00edna skuto\u010dn\u00fd zmysel a hodnotu na\u0161ej pr\u00e1ce. Tieto \u00faprimn\u00e9 reakcie n\u00e1s motivuj\u00fa neust\u00e1le zlep\u0161ova\u0165 kvalitu poskytovanej starostlivosti a vytv\u00e1ra\u0165 prostredie, kde sa na\u0161i prij\u00edmatelia c\u00edtia bezpe\u010dne, re\u0161pektovane a d\u00f4stojne. S hlbokou [&hellip;]","og_url":"https:\/\/www.platanum.sk\/en\/elementor-5988\/","og_site_name":"Platanum","article_modified_time":"2025-11-07T06:51:54+00:00","twitter_card":"summary_large_image","schema":{"@context":"https:\/\/schema.org","@graph":[{"@type":"WebPage","@id":"https:\/\/www.platanum.sk\/elementor-5988\/","url":"https:\/\/www.platanum.sk\/elementor-5988\/","name":"Sp\u00e4tn\u00e1 v\u00e4zba | Platanum","isPartOf":{"@id":"https:\/\/www.platanum.sk\/#website"},"datePublished":"2023-12-12T11:21:12+00:00","dateModified":"2025-11-07T06:51:54+00:00","breadcrumb":{"@id":"https:\/\/www.platanum.sk\/elementor-5988\/#breadcrumb"},"inLanguage":"en-GB","potentialAction":[{"@type":"ReadAction","target":["https:\/\/www.platanum.sk\/elementor-5988\/"]}]},{"@type":"BreadcrumbList","@id":"https:\/\/www.platanum.sk\/elementor-5988\/#breadcrumb","itemListElement":[{"@type":"ListItem","position":1,"name":"Domovsk\u00e1 str\u00e1nka","item":"https:\/\/www.platanum.sk\/"},{"@type":"ListItem","position":2,"name":"Sp\u00e4tn\u00e1 v\u00e4zba"}]},{"@type":"WebSite","@id":"https:\/\/www.platanum.sk\/#website","url":"https:\/\/www.platanum.sk\/","name":"Platanum","description":"Vytv\u00e1rame spomienky, star\u00e1me sa s l\u00e1skou","publisher":{"@id":"https:\/\/www.platanum.sk\/#organization"},"potentialAction":[{"@type":"SearchAction","target":{"@type":"EntryPoint","urlTemplate":"https:\/\/www.platanum.sk\/?s={search_term_string}"},"query-input":{"@type":"PropertyValueSpecification","valueRequired":true,"valueName":"search_term_string"}}],"inLanguage":"en-GB"},{"@type":"Organization","@id":"https:\/\/www.platanum.sk\/#organization","name":"Platanum","url":"https:\/\/www.platanum.sk\/","logo":{"@type":"ImageObject","inLanguage":"en-GB","@id":"https:\/\/www.platanum.sk\/#\/schema\/logo\/image\/","url":"https:\/\/www.platanum.sk\/wp-content\/uploads\/2022\/02\/platanum_main_logo_light.svg","contentUrl":"https:\/\/www.platanum.sk\/wp-content\/uploads\/2022\/02\/platanum_main_logo_light.svg","width":1000,"height":506,"caption":"Platanum"},"image":{"@id":"https:\/\/www.platanum.sk\/#\/schema\/logo\/image\/"}}]}},"_links":{"self":[{"href":"https:\/\/www.platanum.sk\/en\/wp-json\/wp\/v2\/pages\/5988","targetHints":{"allow":["GET"]}}],"collection":[{"href":"https:\/\/www.platanum.sk\/en\/wp-json\/wp\/v2\/pages"}],"about":[{"href":"https:\/\/www.platanum.sk\/en\/wp-json\/wp\/v2\/types\/page"}],"author":[{"embeddable":true,"href":"https:\/\/www.platanum.sk\/en\/wp-json\/wp\/v2\/users\/1"}],"replies":[{"embeddable":true,"href":"https:\/\/www.platanum.sk\/en\/wp-json\/wp\/v2\/comments?post=5988"}],"version-history":[{"count":53,"href":"https:\/\/www.platanum.sk\/en\/wp-json\/wp\/v2\/pages\/5988\/revisions"}],"predecessor-version":[{"id":7753,"href":"https:\/\/www.platanum.sk\/en\/wp-json\/wp\/v2\/pages\/5988\/revisions\/7753"}],"wp:attachment":[{"href":"https:\/\/www.platanum.sk\/en\/wp-json\/wp\/v2\/media?parent=5988"}],"curies":[{"name":"wp","href":"https:\/\/api.w.org\/{rel}","templated":true}]}}